{"id":132,"date":"2013-03-10T23:25:40","date_gmt":"2013-03-10T22:25:40","guid":{"rendered":"http:\/\/gastropraxis-rheinberg.de\/g\/?page_id=132"},"modified":"2022-10-30T17:25:02","modified_gmt":"2022-10-30T16:25:02","slug":"impressum-2","status":"publish","type":"page","link":"https:\/\/gastropraxis-rheinberg.de\/?page_id=132","title":{"rendered":"Impressum"},"content":{"rendered":"<div class=\"fusion-fullwidth fullwidth-box fusion-builder-row-1 hundred-percent-fullwidth non-hundred-percent-height-scrolling\" style=\"--awb-border-radius-top-left:0px;--awb-border-radius-top-right:0px;--awb-border-radius-bottom-right:0px;--awb-border-radius-bottom-left:0px;--awb-overflow:visible;--awb-flex-wrap:wrap;\" ><div class=\"fusion-builder-row fusion-row\"><div class=\"fusion-layout-column fusion_builder_column fusion-builder-column-0 fusion_builder_column_1_2 1_2 fusion-one-half fusion-column-first\" style=\"--awb-bg-size:cover;width:48%; margin-right: 4%;\"><div class=\"fusion-column-wrapper fusion-flex-column-wrapper-legacy\"><div class=\"fusion-text fusion-text-1\"><p><strong>Herausgeber und Betreiber der Internetseiten:<\/strong><br \/>\nGastroenterologisch\u2013haus\u00e4rztliche Gemeinschaftspraxis Rheinberg<\/p>\n<p>Dr. med. Mirja Werheid-Dobers<br \/>\nFrank Dobers<br \/>\nDr. med. Dirk Esser<\/p>\n<p>Laurentiusstr. 95-97<br \/>\n51465 Bergisch Gladbach<br \/>\nTelefon: 022\u200a02\u2009\u2013\u2009989\u200a76\u200a-\u200a0<br \/>\nTelefax: 022\u200a\u200a02\u2009\u2013\u2009989\u200a76\u200a-26<\/p>\n<p>info at gastropraxis-rheinberg.de<br \/>\nwww.gastropraxis-rheinberg.de<\/p>\n<\/div><div class=\"fusion-clearfix\"><\/div><\/div><\/div><div class=\"fusion-layout-column fusion_builder_column fusion-builder-column-1 fusion_builder_column_1_2 1_2 fusion-one-half fusion-column-last\" style=\"--awb-bg-size:cover;width:48%;\"><div class=\"fusion-column-wrapper fusion-flex-column-wrapper-legacy\"><div class=\"fusion-text fusion-text-2\"><p><strong>Berufsbezeichnung:<\/strong><br \/>\nDr. med. Mirja Werheid-Dobers<br \/>\nFach\u00e4rztin f\u00fcr Innere Medizin und Gastroenterologie<br \/>\n(verliehen in der Bundesrepublik Deutschland)<\/p>\n<p>Frank Dobers<br \/>\nFacharzt f\u00fcr Innere Medizin\u2009\u2013\u2009haus\u00e4rztliche Versorgung, Sportmedizin<br \/>\n(verliehen in der Bundesrepublik Deutschland)<\/p>\n<p>Dr. med. Dirk Esser<br \/>\nFacharzt f\u00fcr Innere Medizin und Gastroenterologie<br \/>\n(verliehen in der Bundesrepublik Deutschland)<\/p>\n<p>&nbsp;<\/p>\n<\/div><div class=\"fusion-clearfix\"><\/div><\/div><\/div><div class=\"fusion-layout-column fusion_builder_column fusion-builder-column-2 fusion_builder_column_1_1 1_1 fusion-one-full fusion-column-first fusion-column-last\" style=\"--awb-bg-size:cover;\"><div class=\"fusion-column-wrapper fusion-flex-column-wrapper-legacy\"><div class=\"fusion-sep-clear\"><\/div><div class=\"fusion-separator fusion-full-width-sep\" style=\"margin-left: auto;margin-right: auto;width:100%;\"><div class=\"fusion-separator-border sep-single sep-solid\" style=\"--awb-height:20px;--awb-amount:20px;border-color:#e0dede;border-top-width:1px;\"><\/div><\/div><div class=\"fusion-sep-clear\"><\/div><div class=\"fusion-clearfix\"><\/div><\/div><\/div><div class=\"fusion-layout-column fusion_builder_column fusion-builder-column-3 fusion_builder_column_1_2 1_2 fusion-one-half fusion-column-first\" style=\"--awb-bg-size:cover;width:48%; margin-right: 4%;\"><div class=\"fusion-column-wrapper fusion-flex-column-wrapper-legacy\"><div class=\"fusion-text fusion-text-3\"><div id=\"dmaker_preview\">\n<div id=\"infobox\">\n<div class=\"infos\"><strong>Zust\u00e4ndige \u00c4rztekammer:<\/strong><br \/>\n\u00c4rztekammer Nordrhein<br \/>\nTersteegenstr. 9<br \/>\n40474 D\u00fcsseldorf<br \/>\nTelefon: (0049) 0211\/4 30 20<br \/>\nTelefax: (0049) 0211\/4302 1200<br \/>\nwww.aekno.de<br \/>\naerztekammer at aekno.de<\/div>\n<\/div>\n<\/div>\n<p><strong>Zust\u00e4ndige Kassen\u00e4rztliche Vereinigung:<\/strong><br \/>\nKassen\u00e4rztliche Vereinigung Nordrhein<br \/>\nTersteegenstr. 9<br \/>\n40474 D\u00fcsseldorf<br \/>\nTelefon: (0049) 0211\/59 70-0<br \/>\nTelefax: (0049) 0211\/59 70-82 87<br \/>\nwww.kvno.de<\/p>\n<\/div><div class=\"fusion-clearfix\"><\/div><\/div><\/div><div class=\"fusion-layout-column fusion_builder_column fusion-builder-column-4 fusion_builder_column_1_2 1_2 fusion-one-half fusion-column-last\" style=\"--awb-bg-size:cover;width:48%;\"><div class=\"fusion-column-wrapper fusion-flex-column-wrapper-legacy\"><div class=\"fusion-text fusion-text-4\"><p><strong>Berufsrechtliche Regelungen:<\/strong><br \/>\n<a href=\"http:\/\/gastropraxis-rheinberg.de\/wp-content\/uploads\/2015\/06\/berufsordnung.pdf\">Berufsordnung f\u00fcr die nordrheinischen \u00c4rztinnen und \u00c4rzte<\/a><br \/>\nwww.aekno.de\/htmljava\/frameset_html.asp?typ=c&amp;seite=berufsordnung.htm<br \/>\n<a href=\"http:\/\/gastropraxis-rheinberg.de\/wp-content\/uploads\/2015\/06\/heilberufsgesetz-nrw-2009.pdf\">Heilberufsgesetz NRW (HeilBerG)<\/a><br \/>\nwww.aekno.de\/htmljava\/a\/heilberg.htm<\/p>\n<p><strong>Inhaltlich Verantwortlicher gem. \u00a7 6 MDStV:<\/strong><br \/>\nDr. med. Mirja Werheid-Dobers \/\u00a0Frank Dobers \/ Dr. med. Dirk Esser<\/p>\n<p><strong>Website:<\/strong><br \/>\nGestaltung und Realisierung durch das Praxisteam<\/p>\n<p>Administration: website at gastropraxis-rheinberg.de<\/p>\n<p>Fotos: Photostudio Alte Schmiede, Christopher Gau und Gaspar Mostafa<\/p>\n<p>CI: Dipl. Des. Katharina Schr\u00f6der<\/p>\n<\/div><div class=\"fusion-clearfix\"><\/div><\/div><\/div><div class=\"fusion-layout-column fusion_builder_column fusion-builder-column-5 fusion_builder_column_1_1 1_1 fusion-one-full fusion-column-first fusion-column-last\" style=\"--awb-bg-size:cover;\"><div class=\"fusion-column-wrapper fusion-flex-column-wrapper-legacy\"><div class=\"fusion-sep-clear\"><\/div><div class=\"fusion-separator fusion-full-width-sep\" style=\"margin-left: auto;margin-right: auto;width:100%;\"><div class=\"fusion-separator-border sep-single sep-solid\" style=\"--awb-height:20px;--awb-amount:20px;border-color:#e0dede;border-top-width:1px;\"><\/div><\/div><div class=\"fusion-sep-clear\"><\/div><div class=\"fusion-clearfix\"><\/div><\/div><\/div><div class=\"fusion-layout-column fusion_builder_column fusion-builder-column-6 fusion_builder_column_1_1 1_1 fusion-one-full fusion-column-first fusion-column-last fusion-column-no-min-height\" style=\"--awb-bg-size:cover;--awb-margin-bottom:0px;\"><div class=\"fusion-column-wrapper fusion-flex-column-wrapper-legacy\"><div class=\"fusion-text fusion-text-5\"><p><strong>DISCLAIMER<\/strong><\/p>\n<p>(1) Haftungsbeschr\u00e4nkung<\/p>\n<p>Inhalte dieser Website<\/p>\n<p>Die Inhalte dieser Website werden mit gr\u00f6\u00dftm\u00f6glicher Sorgfalt erstellt. Der Anbieter \u00fcbernimmt jedoch keine Gew\u00e4hr f\u00fcr die Richtigkeit, Vollst\u00e4ndigkeit und Aktualit\u00e4t der bereitgestellten Inhalte. Die Nutzung der abrufbaren Inhalte erfolgt auf eigene Gefahr des Nutzers.<br \/>\nVerf\u00fcgbarkeit der Website \u2028Der Anbieter wird sich bem\u00fchen, den Dienst m\u00f6glichst unterbrechungsfrei zum Abruf anzubieten. Auch bei aller Sorgfalt k\u00f6nnen aber Ausfallzeiten nicht ausgeschlossen werden. Der Anbieter beh\u00e4lt sich das Recht vor, sein Angebot jederzeit zu \u00e4ndern oder einzustellen.<\/p>\n<p>Externe Links<\/p>\n<p>Diese Website enth\u00e4lt Verkn\u00fcpfungen zu Websites Dritter (&#8222;externe Links&#8220;). Diese Websites unterliegen der Haftung der jeweiligen Betreiber. Der Anbieter hat bei der erstmaligen Verkn\u00fcpfung der externen Links die fremden Inhalte daraufhin \u00fcberpr\u00fcft, ob etwaige Rechtsverst\u00f6\u00dfe bestehen. Zu dem Zeitpunkt waren keine Rechtsverst\u00f6\u00dfe ersichtlich. Der Anbieter hat keinerlei Einfluss auf die aktuelle und zuk\u00fcnftige Gestaltung und auf die Inhalte der verkn\u00fcpften Seiten. Das Setzen von externen Links bedeutet nicht, dass sich der Anbieter die hinter dem Verweis oder Link liegenden Inhalte zu Eigen macht. Eine st\u00e4ndige Kontrolle dieser externen Links ist f\u00fcr den Anbieter ohne konkrete Hinweise auf Rechtsverst\u00f6\u00dfe nicht zumutbar. Bei Kenntnis von Rechtsverst\u00f6\u00dfen werden jedoch derartige externe Links unverz\u00fcglich gel\u00f6scht.<br \/>\nMit Urteil vom 12. Mai 1998 &#8211; 312 O 85\/98 &#8211; &#8222;Haftung f\u00fcr Links&#8220; hat das Landgericht (LG) Hamburg entschieden, dass man durch die Anbringung eines Links, die Inhalte der gelinkten Seite ggf. mit zu verantworten hat. Dies kann &#8211; so das LG &#8211; nur dadurch verhindert werden, dass man sich ausdr\u00fccklich von diesen Inhalten distanziert. Hiermit distanzieren wir uns ausdr\u00fccklich von allen Inhalten aller gelinkten Seiten auf dieser Seite. Diese Erkl\u00e4rung gilt f\u00fcr alle auf unserer Homepage angebrachten Links. F\u00fcr den Inhalt der verlinkten Seiten sind ausschlie\u00dflich deren Betreiber verantwortlich.<br \/>\nWerbeanzeigen<\/p>\n<p>F\u00fcr den Inhalt der Werbeanzeigen ist der jeweilige Autor verantwortlich, ebenso wie f\u00fcr den Inhalt der beworbenen Website. Die Darstellung der Werbeanzeige stellt keine Akzeptanz durch den Anbieter dar.<br \/>\nKein Vertragsverh\u00e4ltnis<\/p>\n<p>Mit der Nutzung der Website des Anbieters kommt keinerlei Vertragsverh\u00e4ltnis zwischen dem Nutzer und dem Anbieter zustande. Insofern ergeben sich auch keinerlei vertragliche oder quasivertragliche Anspr\u00fcche gegen den Anbieter. F\u00fcr den Fall, dass die Nutzung der Website doch zu einem Vertragsverh\u00e4ltnis f\u00fchren sollte, gilt rein vorsorglich nachfolgende Haftungsbeschr\u00e4nkung: Der Anbieter haftet f\u00fcr Vorsatz und grobe Fahrl\u00e4ssigkeit sowie bei Verletzung einer wesentlichen Vertragspflicht (Kardinalpflicht). Der Anbieter haftet unter Begrenzung auf Ersatz des bei Vertragsschluss vorhersehbaren vertragstypischen Schadens f\u00fcr solche Sch\u00e4den, die auf einer leicht fahrl\u00e4ssigen Verletzung von Kardinalpflichten durch ihn oder eines seiner gesetzlichen Vertreter oder Erf\u00fcllungsgehilfen beruhen. Bei leicht fahrl\u00e4ssiger Verletzung von Nebenpflichten, die keine Kardinalpflichten sind, haftet der Anbieter nicht. Die Haftung f\u00fcr Sch\u00e4den, die in den Schutzbereich einer vom Anbieter gegebenen Garantie oder Zusicherung fallen sowie die Haftung f\u00fcr Anspr\u00fcche aufgrund des Produkthaftungsgesetzes und Sch\u00e4den aus der Verletzung des Lebens, des K\u00f6rpers oder der Gesundheit bleibt hiervon unber\u00fchrt.<br \/>\n(2) Urheberrecht<br \/>\nDie auf dieser Website ver\u00f6ffentlichten Inhalte und Werke sind urheberrechtlich gesch\u00fctzt. Jede vom Urheberrecht nicht zugelassene Verwertung bedarf der vorherigen schriftlichen Zustimmung des jeweiligen Autors oder Urhebers. Dies gilt insbesondere f\u00fcr Vervielf\u00e4ltigung, Bearbeitung, \u00dcbersetzung, Einspeicherung, Verarbeitung bzw. Wiedergabe von Inhalten in Datenbanken oder anderen elektronischen Medien und Systemen. Inhalte und Beitr\u00e4ge Dritter sind dabei als solche gekennzeichnet. Die unerlaubte Vervielf\u00e4ltigung oder Weitergabe einzelner Inhalte oder kompletter Seiten ist nicht gestattet und strafbar. Lediglich die Herstellung von Kopien und Downloads f\u00fcr den pers\u00f6nlichen, privaten und nicht-kommerziellen Gebrauch ist erlaubt.<br \/>\nLinks zur Website des Anbieters sind jederzeit willkommen und bed\u00fcrfen keiner Zustimmung durch den Anbieter der Website. Die Darstellung dieser Website in fremden Frames ist nur mit Erlaubnis zul\u00e4ssig.<br \/>\n(3) Datenschutz<br \/>\nDurch den Besuch der Website des Anbieters k\u00f6nnen Informationen \u00fcber den Zugriff (Datum, Uhrzeit, betrachtete Seite) auf dem Server gespeichert werden. Diese Daten geh\u00f6ren nicht zu den personenbezogenen Daten, sondern sind anonymisiert. Sie werden ausschlie\u00dflich zu statistischen Zwecken ausgewertet. Eine Weitergabe an Dritte, zu kommerziellen oder nichtkommerziellen Zwecken, findet nicht statt.<br \/>\nDes Weiteren k\u00f6nnen Daten auf dem Computer der Websitenutzer gespeichert werden. Diese Daten nennt man &#8222;Cookie&#8220;, die dazu dienen, das Zugriffsverhalten der Nutzer zu vereinfachen. Der Nutzer hat jedoch die M\u00f6glichkeit, diese Funktion innerhalb des jeweiligen Webbrowsers zu deaktivieren. In diesem Fall kann es jedoch zu Einschr\u00e4nkungen der Bedienbarkeit unserer Website kommen.<br \/>\nDer Anbieter weist ausdr\u00fccklich darauf hin, dass die Daten\u00fcbertragung im Internet (z. B. bei der Kommunikation per E-Mail) Sicherheitsl\u00fccken aufweisen und nicht l\u00fcckenlos vor dem Zugriff durch Dritte gesch\u00fctzt werden kann.<br \/>\nDie Verwendung der Kontaktdaten der Anbieterkennzeichnung &#8211; insbesondere der Telefon-\/Faxnummern und E-Mailadresse &#8211; zur gewerblichen Werbung ist ausdr\u00fccklich nicht erw\u00fcnscht, es sei denn der Anbieter hatte zuvor seine schriftliche Einwilligung erteilt oder es besteht bereits ein gesch\u00e4ftlicher Kontakt. Der Anbieter und alle auf dieser Website genannten Personen widersprechen hiermit jeder kommerziellen Verwendung und Weitergabe ihrer Daten.<br \/>\n(4) Hinweise f\u00fcr Abmahnversuche<br \/>\nSollte der Inhalt oder die Aufmachung dieser Seiten fremde Rechte Dritter oder gesetzliche Bestimmungen verletzen, so wird um eine entsprechende Nachricht ohne Kostennote gebeten. Die Beseitigung einer m\u00f6glicherweise von diesen Seiten ausgehenden Schutzrecht-Verletzung durch Schutzrecht-Inhaber selbst darf nicht ohne Zustimmung stattfinden. Es wird gew\u00e4hrleistet, dass die zu Recht beanstandeten Passagen unverz\u00fcglich entfernt werden, ohne dass Ihrerseits die Einschaltung eines Rechtsbeistandes erforderlich ist. Dennoch von Ihnen ohne vorherige Kontaktaufnahme ausgel\u00f6ste Kosten werden vollumf\u00e4nglich zur\u00fcckgewiesen und gegebenenfalls Gegenklage wegen Verletzung vorgenannter Bestimmungen eingereicht.<br \/>\n(5) Anwendbares Recht<br \/>\nEs gilt ausschlie\u00dflich das ma\u00dfgebliche Recht der Bundesrepublik Deutschland.<\/p>\n<\/div><div class=\"fusion-clearfix\"><\/div><\/div><\/div><\/div><\/div>\n","protected":false},"excerpt":{"rendered":"","protected":false},"author":3,"featured_media":0,"parent":1640,"menu_order":0,"comment_status":"closed","ping_status":"closed","template":"","meta":{"_bbp_topic_count":0,"_bbp_reply_count":0,"_bbp_total_topic_count":0,"_bbp_total_reply_count":0,"_bbp_voice_count":0,"_bbp_anonymous_reply_count":0,"_bbp_topic_count_hidden":0,"_bbp_reply_count_hidden":0,"_bbp_forum_subforum_count":0,"footnotes":""},"class_list":["post-132","page","type-page","status-publish","hentry"],"_links":{"self":[{"href":"https:\/\/gastropraxis-rheinberg.de\/index.php?rest_route=\/wp\/v2\/pages\/132","targetHints":{"allow":["GET"]}}],"collection":[{"href":"https:\/\/gastropraxis-rheinberg.de\/index.php?rest_route=\/wp\/v2\/pages"}],"about":[{"href":"https:\/\/gastropraxis-rheinberg.de\/index.php?rest_route=\/wp\/v2\/types\/page"}],"author":[{"embeddable":true,"href":"https:\/\/gastropraxis-rheinberg.de\/index.php?rest_route=\/wp\/v2\/users\/3"}],"replies":[{"embeddable":true,"href":"https:\/\/gastropraxis-rheinberg.de\/index.php?rest_route=%2Fwp%2Fv2%2Fcomments&post=132"}],"version-history":[{"count":37,"href":"https:\/\/gastropraxis-rheinberg.de\/index.php?rest_route=\/wp\/v2\/pages\/132\/revisions"}],"predecessor-version":[{"id":1830,"href":"https:\/\/gastropraxis-rheinberg.de\/index.php?rest_route=\/wp\/v2\/pages\/132\/revisions\/1830"}],"up":[{"embeddable":true,"href":"https:\/\/gastropraxis-rheinberg.de\/index.php?rest_route=\/wp\/v2\/pages\/1640"}],"wp:attachment":[{"href":"https:\/\/gastropraxis-rheinberg.de\/index.php?rest_route=%2Fwp%2Fv2%2Fmedia&parent=132"}],"curies":[{"name":"wp","href":"https:\/\/api.w.org\/{rel}","templated":true}]}}