{"id":1581,"date":"2021-03-02T08:49:19","date_gmt":"2021-03-02T07:49:19","guid":{"rendered":"https:\/\/gastropraxis-rheinberg.de\/?page_id=1581"},"modified":"2021-03-07T09:46:29","modified_gmt":"2021-03-07T08:46:29","slug":"01-demo-termin","status":"publish","type":"page","link":"https:\/\/gastropraxis-rheinberg.de\/?page_id=1581","title":{"rendered":"Online Termin"},"content":{"rendered":"<div class=\"fusion-fullwidth fullwidth-box fusion-builder-row-1 hundred-percent-fullwidth non-hundred-percent-height-scrolling\" style=\"--awb-border-radius-top-left:0px;--awb-border-radius-top-right:0px;--awb-border-radius-bottom-right:0px;--awb-border-radius-bottom-left:0px;--awb-overflow:visible;--awb-flex-wrap:wrap;\" ><div class=\"fusion-builder-row fusion-row\"><div class=\"fusion-layout-column fusion_builder_column fusion-builder-column-0 fusion_builder_column_1_3 1_3 fusion-one-third fusion-column-first\" style=\"--awb-bg-size:cover;width:30.6666%; margin-right: 4%;\"><div class=\"fusion-column-wrapper fusion-flex-column-wrapper-legacy\"><div class=\"fusion-image-element in-legacy-container\" style=\"--awb-caption-title-font-family:var(--h2_typography-font-family);--awb-caption-title-font-weight:var(--h2_typography-font-weight);--awb-caption-title-font-style:var(--h2_typography-font-style);--awb-caption-title-size:var(--h2_typography-font-size);--awb-caption-title-transform:var(--h2_typography-text-transform);--awb-caption-title-line-height:var(--h2_typography-line-height);--awb-caption-title-letter-spacing:var(--h2_typography-letter-spacing);\"><span class=\" fusion-imageframe imageframe-none imageframe-1 hover-type-none\"><img decoding=\"async\" width=\"4288\" height=\"2848\" title=\"DSC_1497 Kopie\" src=\"https:\/\/gastropraxis-rheinberg.de\/wp-content\/uploads\/2015\/05\/DSC_1497-Kopie.jpg\" alt class=\"img-responsive wp-image-694\" srcset=\"https:\/\/gastropraxis-rheinberg.de\/wp-content\/uploads\/2015\/05\/DSC_1497-Kopie-300x199.jpg 300w, https:\/\/gastropraxis-rheinberg.de\/wp-content\/uploads\/2015\/05\/DSC_1497-Kopie-1024x680.jpg 1024w, https:\/\/gastropraxis-rheinberg.de\/wp-content\/uploads\/2015\/05\/DSC_1497-Kopie.jpg 4288w\" sizes=\"(max-width: 4288px) 100vw, 4288px\" \/><\/span><\/div><div class=\"fusion-clearfix\"><\/div><\/div><\/div><div class=\"fusion-layout-column fusion_builder_column fusion-builder-column-1 fusion_builder_column_2_3 2_3 fusion-two-third fusion-column-last\" style=\"--awb-bg-size:cover;width:65.3333%;\"><div class=\"fusion-column-wrapper fusion-flex-column-wrapper-legacy\"><div class=\"fusion-title title fusion-title-1 fusion-title-text fusion-title-size-two\" style=\"--awb-margin-top-small:0px;--awb-margin-right-small:0px;--awb-margin-bottom-small:20px;--awb-margin-left-small:0px;\"><h2 class=\"fusion-title-heading title-heading-left\" style=\"margin:0;\">Online Terminvereinbarung<\/h2><span class=\"awb-title-spacer\"><\/span><div class=\"title-sep-container\"><div class=\"title-sep sep-double sep-solid\" style=\"border-color:#e0dede;\"><\/div><\/div><\/div><div class=\"fusion-text fusion-text-1\"><div class=\"post-content\">\n<p>Liebe Patientinnen und Patienten,<\/p>\n<p>hier haben Sie die M\u00f6glichkeit, auch au\u00dferhalb unserer Sprechzeiten, Ihren n\u00e4chsten Termin online zu vereinbaren.<br \/>\nHierzu werden Sie zu Doctolib.de weitergeleitet.<\/p>\n<p>Ihr Team der Gastropraxis Rheinberg<\/p>\n<\/div>\n<\/div><div class=\"fusion-button-wrapper\"><a class=\"fusion-button button-flat fusion-button-default-size button-custom fusion-button-default button-1 fusion-button-default-span fusion-button-default-type\" style=\"--button_accent_color:#ffffff;--button_accent_hover_color:#ffffff;--button_border_hover_color:#ffffff;--button-border-radius-top-left:4px;--button-border-radius-top-right:4px;--button-border-radius-bottom-right:4px;--button-border-radius-bottom-left:4px;--button_gradient_top_color:#888b87;--button_gradient_bottom_color:#888b87;--button_gradient_top_color_hover:#888b87;--button_gradient_bottom_color_hover:#888b87;\" target=\"_blank\" rel=\"noopener noreferrer\" href=\"https:\/\/www.doctolib.de\/gemeinschaftspraxis\/bergisch-gladbach\/gastro-praxis-rheinberg-bergisch-gladbach\"><span class=\"fusion-button-text awb-button__text awb-button__text--default\">Hier Termin Online buchen<\/span><\/a><\/div><div class=\"fusion-clearfix\"><\/div><\/div><\/div><\/div><\/div>\n","protected":false},"excerpt":{"rendered":"","protected":false},"author":6,"featured_media":0,"parent":0,"menu_order":0,"comment_status":"closed","ping_status":"closed","template":"","meta":{"_bbp_topic_count":0,"_bbp_reply_count":0,"_bbp_total_topic_count":0,"_bbp_total_reply_count":0,"_bbp_voice_count":0,"_bbp_anonymous_reply_count":0,"_bbp_topic_count_hidden":0,"_bbp_reply_count_hidden":0,"_bbp_forum_subforum_count":0,"footnotes":""},"class_list":["post-1581","page","type-page","status-publish","hentry"],"_links":{"self":[{"href":"https:\/\/gastropraxis-rheinberg.de\/index.php?rest_route=\/wp\/v2\/pages\/1581","targetHints":{"allow":["GET"]}}],"collection":[{"href":"https:\/\/gastropraxis-rheinberg.de\/index.php?rest_route=\/wp\/v2\/pages"}],"about":[{"href":"https:\/\/gastropraxis-rheinberg.de\/index.php?rest_route=\/wp\/v2\/types\/page"}],"author":[{"embeddable":true,"href":"https:\/\/gastropraxis-rheinberg.de\/index.php?rest_route=\/wp\/v2\/users\/6"}],"replies":[{"embeddable":true,"href":"https:\/\/gastropraxis-rheinberg.de\/index.php?rest_route=%2Fwp%2Fv2%2Fcomments&post=1581"}],"version-history":[{"count":18,"href":"https:\/\/gastropraxis-rheinberg.de\/index.php?rest_route=\/wp\/v2\/pages\/1581\/revisions"}],"predecessor-version":[{"id":1629,"href":"https:\/\/gastropraxis-rheinberg.de\/index.php?rest_route=\/wp\/v2\/pages\/1581\/revisions\/1629"}],"wp:attachment":[{"href":"https:\/\/gastropraxis-rheinberg.de\/index.php?rest_route=%2Fwp%2Fv2%2Fmedia&parent=1581"}],"curies":[{"name":"wp","href":"https:\/\/api.w.org\/{rel}","templated":true}]}}