{"id":341,"date":"2015-05-09T16:57:32","date_gmt":"2015-05-09T15:57:32","guid":{"rendered":"http:\/\/gastropraxis-rheinberg.de\/g\/?page_id=341"},"modified":"2022-11-20T09:47:56","modified_gmt":"2022-11-20T08:47:56","slug":"checkup-vorgsorge","status":"publish","type":"page","link":"https:\/\/gastropraxis-rheinberg.de\/?page_id=341","title":{"rendered":"CheckUp &#8211; Vorsorge"},"content":{"rendered":"<div class=\"fusion-fullwidth fullwidth-box fusion-builder-row-1 hundred-percent-fullwidth non-hundred-percent-height-scrolling\" style=\"--awb-border-radius-top-left:0px;--awb-border-radius-top-right:0px;--awb-border-radius-bottom-right:0px;--awb-border-radius-bottom-left:0px;--awb-overflow:visible;--awb-flex-wrap:wrap;\" ><div class=\"fusion-builder-row fusion-row\"><div class=\"fusion-layout-column fusion_builder_column fusion-builder-column-0 fusion_builder_column_1_3 1_3 fusion-one-third fusion-column-first\" style=\"--awb-bg-size:cover;width:30.6666%; margin-right: 4%;\"><div class=\"fusion-column-wrapper fusion-flex-column-wrapper-legacy\"><div class=\"fusion-image-element fusion-image-align-center fusion-no-medium-visibility in-legacy-container\" style=\"text-align:center;--awb-caption-title-font-family:var(--h2_typography-font-family);--awb-caption-title-font-weight:var(--h2_typography-font-weight);--awb-caption-title-font-style:var(--h2_typography-font-style);--awb-caption-title-size:var(--h2_typography-font-size);--awb-caption-title-transform:var(--h2_typography-text-transform);--awb-caption-title-line-height:var(--h2_typography-line-height);--awb-caption-title-letter-spacing:var(--h2_typography-letter-spacing);\"><div class=\"imageframe-align-center\"><span class=\" fusion-imageframe imageframe-none imageframe-1 hover-type-none\"><img decoding=\"async\" width=\"300\" height=\"199\" title=\"Team_Haus\u00e4rzte\" src=\"https:\/\/gastropraxis-rheinberg.de\/wp-content\/uploads\/2022\/11\/Team_Hausaerzte-300x199.jpg\" alt class=\"img-responsive wp-image-1852\" srcset=\"https:\/\/gastropraxis-rheinberg.de\/wp-content\/uploads\/2022\/11\/Team_Hausaerzte-200x133.jpg 200w, https:\/\/gastropraxis-rheinberg.de\/wp-content\/uploads\/2022\/11\/Team_Hausaerzte-400x266.jpg 400w, https:\/\/gastropraxis-rheinberg.de\/wp-content\/uploads\/2022\/11\/Team_Hausaerzte-600x399.jpg 600w, https:\/\/gastropraxis-rheinberg.de\/wp-content\/uploads\/2022\/11\/Team_Hausaerzte-800x531.jpg 800w, https:\/\/gastropraxis-rheinberg.de\/wp-content\/uploads\/2022\/11\/Team_Hausaerzte-1200x797.jpg 1200w\" sizes=\"(max-width: 800px) 100vw, 400px\" \/><\/span><\/div><\/div><div class=\"fusion-clearfix\"><\/div><\/div><\/div><div class=\"fusion-layout-column fusion_builder_column fusion-builder-column-1 fusion_builder_column_2_3 2_3 fusion-two-third fusion-column-last\" style=\"--awb-bg-size:cover;width:65.3333%;\"><div class=\"fusion-column-wrapper fusion-flex-column-wrapper-legacy\"><div class=\"fusion-title title fusion-title-1 fusion-title-text fusion-title-size-two\" style=\"--awb-margin-top-small:0px;--awb-margin-right-small:0px;--awb-margin-bottom-small:20px;--awb-margin-left-small:0px;\"><h2 class=\"fusion-title-heading title-heading-left\" style=\"margin:0;\"><span style=\"color: #ff9900;\"><strong>Check-up \/ Vorsorgeuntersuchungen<\/strong><\/span><\/h2><span class=\"awb-title-spacer\"><\/span><div class=\"title-sep-container\"><div class=\"title-sep sep-double sep-solid\" style=\"border-color:#e0dede;\"><\/div><\/div><\/div><div class=\"fusion-text fusion-text-1\"><p>Die Gesundheitsuntersuchung <strong>&#8222;Check-up 35&#8220;<\/strong> ist eine Vorsorgeleistung der gesetzlichen Krankenkassen und steht Ihnen <strong>alle 3 Jahre<\/strong> zu. Sie umfasst<\/p>\n<ul>\n<li>eine \u00e4rztliche Untersuchung und Beratung,<\/li>\n<li>die Bestimmung von Cholesterin und Zucker im Blut sowie<\/li>\n<li>einen Urinstreifentest.<\/li>\n<\/ul>\n<p>Dieses &#8222;Basisprogramm&#8220; kann individuell und nach Ihren W\u00fcnschen als Gesundheitsleistung erweitert werden. Bitte sprechen Sie uns an!<\/p>\n<\/div><div class=\"fusion-clearfix\"><\/div><\/div><\/div><div class=\"fusion-layout-column fusion_builder_column fusion-builder-column-2 fusion_builder_column_1_1 1_1 fusion-one-full fusion-column-first fusion-column-last\" style=\"--awb-bg-size:cover;\"><div class=\"fusion-column-wrapper fusion-flex-column-wrapper-legacy\"><div class=\"fusion-clearfix\"><\/div><\/div><\/div><div class=\"fusion-layout-column fusion_builder_column fusion-builder-column-3 fusion_builder_column_1_1 1_1 fusion-one-full fusion-column-first fusion-column-last fusion-column-no-min-height\" style=\"--awb-bg-size:cover;--awb-margin-bottom:0px;\"><div class=\"fusion-column-wrapper fusion-flex-column-wrapper-legacy\"><div class=\"fusion-title title fusion-title-2 fusion-title-text fusion-title-size-two\" style=\"--awb-margin-top-small:0px;--awb-margin-right-small:0px;--awb-margin-bottom-small:20px;--awb-margin-left-small:0px;\"><h2 class=\"fusion-title-heading title-heading-left\" style=\"margin:0;\"><span style=\"color: #ff9900;\"><strong>Individuelle<\/strong> <strong>Gesundheitsleistungen<\/strong><\/span><\/h2><span class=\"awb-title-spacer\"><\/span><div class=\"title-sep-container\"><div class=\"title-sep sep-double sep-solid\" style=\"border-color:#e0dede;\"><\/div><\/div><\/div><div class=\"fusion-text fusion-text-2\"><p>Als Versicherte der gesetzlichen Krankenkassen erhalten Sie nach wie vor alle notwendigen \u00e4rztlichen Leistungen im Rahmen der gesetzlichen M\u00f6glichkeiten. Diese Leistungen m\u00fcssen ausreichend, zweckm\u00e4\u00dfig und wirtschaftlich sein und d\u00fcrfen das Ma\u00df des Notwendigen nicht \u00fcberschreiten, so sieht es das 5. Sozialgesetzbuch (SGB V) vor. Die Krankenkassen zahlen daf\u00fcr einen Pauschalbetrag, egal wie viele Leistungen Sie ben\u00f6tigen.<\/p>\n<p>Dar\u00fcber hinaus gibt es n\u00fctzliche medizinische Leistungen, die nicht zum Leistungsumfang der gesetzlichen Krankenkassen geh\u00f6ren, die Sie sich pers\u00f6nlich von Ihrem Arzt w\u00fcnschen. Diese dann individuellen Gesundheitsleistungen d\u00fcrfen allerdings nicht zu Lasten der gesetzlichen Krankenkassen erbracht werden und m\u00fcssen als Privatleistung nach der Geb\u00fchrenordnung f\u00fcr \u00c4rzte (GO\u00c4) berechnet werden.<\/p>\n<p>Falls Sie diesbez\u00fcglich Fragen haben, sprechen Sie uns bitte an!<\/p>\n<\/div><div class=\"fusion-text fusion-text-3\"><p>\u00a0<\/p>\n<\/div><div class=\"fusion-clearfix\"><\/div><\/div><\/div><\/div><\/div>\n","protected":false},"excerpt":{"rendered":"","protected":false},"author":3,"featured_media":0,"parent":0,"menu_order":0,"comment_status":"closed","ping_status":"closed","template":"","meta":{"_bbp_topic_count":0,"_bbp_reply_count":0,"_bbp_total_topic_count":0,"_bbp_total_reply_count":0,"_bbp_voice_count":0,"_bbp_anonymous_reply_count":0,"_bbp_topic_count_hidden":0,"_bbp_reply_count_hidden":0,"_bbp_forum_subforum_count":0,"footnotes":""},"class_list":["post-341","page","type-page","status-publish","hentry"],"_links":{"self":[{"href":"https:\/\/gastropraxis-rheinberg.de\/index.php?rest_route=\/wp\/v2\/pages\/341","targetHints":{"allow":["GET"]}}],"collection":[{"href":"https:\/\/gastropraxis-rheinberg.de\/index.php?rest_route=\/wp\/v2\/pages"}],"about":[{"href":"https:\/\/gastropraxis-rheinberg.de\/index.php?rest_route=\/wp\/v2\/types\/page"}],"author":[{"embeddable":true,"href":"https:\/\/gastropraxis-rheinberg.de\/index.php?rest_route=\/wp\/v2\/users\/3"}],"replies":[{"embeddable":true,"href":"https:\/\/gastropraxis-rheinberg.de\/index.php?rest_route=%2Fwp%2Fv2%2Fcomments&post=341"}],"version-history":[{"count":27,"href":"https:\/\/gastropraxis-rheinberg.de\/index.php?rest_route=\/wp\/v2\/pages\/341\/revisions"}],"predecessor-version":[{"id":1854,"href":"https:\/\/gastropraxis-rheinberg.de\/index.php?rest_route=\/wp\/v2\/pages\/341\/revisions\/1854"}],"wp:attachment":[{"href":"https:\/\/gastropraxis-rheinberg.de\/index.php?rest_route=%2Fwp%2Fv2%2Fmedia&parent=341"}],"curies":[{"name":"wp","href":"https:\/\/api.w.org\/{rel}","templated":true}]}}