{"id":347,"date":"2015-05-10T05:38:17","date_gmt":"2015-05-10T04:38:17","guid":{"rendered":"http:\/\/gastropraxis-rheinberg.de\/g\/?page_id=347"},"modified":"2026-04-15T16:43:27","modified_gmt":"2026-04-15T15:43:27","slug":"gastroskopie","status":"publish","type":"page","link":"https:\/\/gastropraxis-rheinberg.de\/?page_id=347","title":{"rendered":"Gastroskopie"},"content":{"rendered":"<div class=\"fusion-fullwidth fullwidth-box fusion-builder-row-1 hundred-percent-fullwidth non-hundred-percent-height-scrolling\" style=\"--awb-border-radius-top-left:0px;--awb-border-radius-top-right:0px;--awb-border-radius-bottom-right:0px;--awb-border-radius-bottom-left:0px;--awb-overflow:visible;--awb-flex-wrap:wrap;\" ><div class=\"fusion-builder-row fusion-row\"><div class=\"fusion-layout-column fusion_builder_column fusion-builder-column-0 fusion_builder_column_1_3 1_3 fusion-one-third fusion-column-first\" style=\"--awb-bg-size:cover;width:30.6666%; margin-right: 4%;\"><div class=\"fusion-column-wrapper fusion-flex-column-wrapper-legacy\"><div class=\"fusion-image-element in-legacy-container\" style=\"--awb-caption-title-font-family:var(--h2_typography-font-family);--awb-caption-title-font-weight:var(--h2_typography-font-weight);--awb-caption-title-font-style:var(--h2_typography-font-style);--awb-caption-title-size:var(--h2_typography-font-size);--awb-caption-title-transform:var(--h2_typography-text-transform);--awb-caption-title-line-height:var(--h2_typography-line-height);--awb-caption-title-letter-spacing:var(--h2_typography-letter-spacing);\"><span class=\" fusion-imageframe imageframe-none imageframe-1 hover-type-none\"><img decoding=\"async\" width=\"300\" height=\"199\" title=\"Chefteam_Logo_Gr\u00fcn_2\" src=\"https:\/\/gastropraxis-rheinberg.de\/wp-content\/uploads\/2022\/11\/Chefteam_Logo_Gruen_2-300x199.jpg\" alt class=\"img-responsive wp-image-1850\" srcset=\"https:\/\/gastropraxis-rheinberg.de\/wp-content\/uploads\/2022\/11\/Chefteam_Logo_Gruen_2-200x133.jpg 200w, https:\/\/gastropraxis-rheinberg.de\/wp-content\/uploads\/2022\/11\/Chefteam_Logo_Gruen_2-400x266.jpg 400w, https:\/\/gastropraxis-rheinberg.de\/wp-content\/uploads\/2022\/11\/Chefteam_Logo_Gruen_2-600x399.jpg 600w, https:\/\/gastropraxis-rheinberg.de\/wp-content\/uploads\/2022\/11\/Chefteam_Logo_Gruen_2-800x531.jpg 800w, https:\/\/gastropraxis-rheinberg.de\/wp-content\/uploads\/2022\/11\/Chefteam_Logo_Gruen_2-1200x797.jpg 1200w\" sizes=\"(max-width: 800px) 100vw, 400px\" \/><\/span><\/div><div class=\"fusion-text fusion-text-1\"><p>\u00a0<\/p>\n<\/div><div class=\"fusion-sep-clear\"><\/div><div class=\"fusion-separator fusion-full-width-sep\" style=\"margin-left: auto;margin-right: auto;margin-top:-20px;width:100%;\"><\/div><div class=\"fusion-sep-clear\"><\/div><div class=\"fusion-clearfix\"><\/div><\/div><\/div><div class=\"fusion-layout-column fusion_builder_column fusion-builder-column-1 fusion_builder_column_2_3 2_3 fusion-two-third fusion-column-last\" style=\"--awb-bg-size:cover;width:65.3333%;\"><div class=\"fusion-column-wrapper fusion-flex-column-wrapper-legacy\"><div class=\"fusion-title title fusion-title-1 fusion-title-text fusion-title-size-two\" style=\"--awb-margin-top-small:0px;--awb-margin-right-small:0px;--awb-margin-bottom-small:20px;--awb-margin-left-small:0px;\"><h2 class=\"fusion-title-heading title-heading-left\" style=\"margin:0;\"><strong><span style=\"color: #b1c903;\">Gastroskopie (Magenspiegelung)<\/span><\/strong><\/h2><span class=\"awb-title-spacer\"><\/span><div class=\"title-sep-container\"><div class=\"title-sep sep-double sep-solid\" style=\"border-color:#e0dede;\"><\/div><\/div><\/div><div class=\"fusion-text fusion-text-2\"><p>Die \u00d6sophago-Gastro-Duodenoskopie, kurz \u00d6GD, ist die Spiegelung der Speiser\u00f6hre, des Magens und des Zw\u00f6lffingerdarms, die es erm\u00f6glicht, krankhafte Ver\u00e4nderungen wie z. B. Entz\u00fcndungen, Geschw\u00fcre oder aber auch Tumore m\u00f6glichst fr\u00fch zu erkennen. Die Spiegelung des oberen Verdauungstraktes ist risikoarm und heutzutage ein Routineverfahren.<\/p>\n<\/div><div class=\"fusion-clearfix\"><\/div><\/div><\/div><div class=\"fusion-layout-column fusion_builder_column fusion-builder-column-2 fusion_builder_column_1_2 1_2 fusion-one-half fusion-column-first\" style=\"--awb-bg-size:cover;width:48%; margin-right: 4%;\"><div class=\"fusion-column-wrapper fusion-flex-column-wrapper-legacy\"><div class=\"fusion-title title fusion-title-2 fusion-title-text fusion-title-size-two\" style=\"--awb-margin-top-small:0px;--awb-margin-right-small:0px;--awb-margin-bottom-small:20px;--awb-margin-left-small:0px;\"><h2 class=\"fusion-title-heading title-heading-left\" style=\"margin:0;\"><strong><span style=\"color: #b1c903;\">Vorbereitung<\/span><\/strong><\/h2><span class=\"awb-title-spacer\"><\/span><div class=\"title-sep-container\"><div class=\"title-sep sep-double sep-solid\" style=\"border-color:#e0dede;\"><\/div><\/div><\/div><div class=\"fusion-text fusion-text-3\"><p>Am Tag der Untersuchung ist es erforderlich, dass Sie n\u00fcchtern in die Praxis kommen. Dies bedeutet auch, dass Sie bitte keine Medikamente einnehmen. Die letzte Mahlzeit sollten Sie am Vorabend gegen 18 Uhr zu sich genommen haben, Fl\u00fcssigkeiten d\u00fcrfen bis 5 Stunden vor der Untersuchung getrunken werden.<\/p>\n<\/div><div class=\"fusion-clearfix\"><\/div><\/div><\/div><div class=\"fusion-layout-column fusion_builder_column fusion-builder-column-3 fusion_builder_column_1_2 1_2 fusion-one-half fusion-column-last\" style=\"--awb-bg-size:cover;width:48%;\"><div class=\"fusion-column-wrapper fusion-flex-column-wrapper-legacy\"><div class=\"fusion-title title fusion-title-3 fusion-title-text fusion-title-size-two\" style=\"--awb-margin-top-small:0px;--awb-margin-right-small:0px;--awb-margin-bottom-small:20px;--awb-margin-left-small:0px;\"><h2 class=\"fusion-title-heading title-heading-left\" style=\"margin:0;\"><strong><span style=\"color: #b1c903;\">Ablauf der Untersuchung<\/span><\/strong><\/h2><span class=\"awb-title-spacer\"><\/span><div class=\"title-sep-container\"><div class=\"title-sep sep-double sep-solid\" style=\"border-color:#e0dede;\"><\/div><\/div><\/div><div class=\"fusion-text fusion-text-4\"><p>Die Untersuchung kann entweder mit Rachenan\u00e4sthesie (lokale Bet\u00e4ubung der Rachenschleimhaut) oder aber in Sedierung (Spritze) durchgef\u00fchrt werden und dauert nur wenige Minuten. Zur Sedierung verwenden wir in aller Regel das Medikament Propofol, welches kurzwirksam und gut vertr\u00e4glich ist. Durch ein Mundst\u00fcck, welches das versehentliche Aufbei\u00dfen auf das Ger\u00e4t verhindern soll, wird das Endoskop, ein flexibles optisches Instrument, durch die Mundh\u00f6hle unter Sicht in die Speiser\u00f6hre, den Magen und den Zw\u00f6lffingerdarm vorgeschoben. W\u00e4hrend der Untersuchung wird \u00fcber das Ger\u00e4t Luft in den oberen Verdauungstrakt gegeben, damit dieser sich entfaltet und sorgf\u00e4ltig inspiziert werden kann. Falls erforderlich, werden mit einer kleinen Zange Gewebeproben zur feingeweblichen Begutachtung entnommen. Die Gewinnung der Gewebeproben ist schmerzfrei.<br \/>\nSollte die Untersuchung unter Sedierung durchgef\u00fchrt werden, ben\u00f6tigen Sie eine Begleitperson, die Sie nach der Untersuchung in unseren Praxisr\u00e4umen abholt. Des Weiteren d\u00fcrfen Sie 12 Stunden nicht aktiv am Stra\u00dfenverkehr teilnehmen.<br \/>\nIm Anschluss an die Nachbeobachtungszeit besprechen wir mit Ihnen in einem kurzen Gespr\u00e4ch das Ergebnis der Untersuchung.<br \/>\nBitte planen Sie f\u00fcr Ihre Begleitperson einen zeitlichen Gesamtaufwand von ca. 1 Stunde ein.<\/p>\n<\/div><div class=\"fusion-clearfix\"><\/div><\/div><\/div><div class=\"fusion-layout-column fusion_builder_column fusion-builder-column-4 fusion_builder_column_1_1 1_1 fusion-one-full fusion-column-first fusion-column-last fusion-column-no-min-height\" style=\"--awb-bg-size:cover;--awb-margin-bottom:0px;\"><div class=\"fusion-column-wrapper fusion-flex-column-wrapper-legacy\"><div class=\"fusion-text fusion-text-5\"><p>\u00a0<\/p>\n<\/div><div class=\"fusion-clearfix\"><\/div><\/div><\/div><\/div><\/div>\n","protected":false},"excerpt":{"rendered":"","protected":false},"author":3,"featured_media":0,"parent":0,"menu_order":0,"comment_status":"closed","ping_status":"closed","template":"","meta":{"_bbp_topic_count":0,"_bbp_reply_count":0,"_bbp_total_topic_count":0,"_bbp_total_reply_count":0,"_bbp_voice_count":0,"_bbp_anonymous_reply_count":0,"_bbp_topic_count_hidden":0,"_bbp_reply_count_hidden":0,"_bbp_forum_subforum_count":0,"footnotes":""},"class_list":["post-347","page","type-page","status-publish","hentry"],"_links":{"self":[{"href":"https:\/\/gastropraxis-rheinberg.de\/index.php?rest_route=\/wp\/v2\/pages\/347","targetHints":{"allow":["GET"]}}],"collection":[{"href":"https:\/\/gastropraxis-rheinberg.de\/index.php?rest_route=\/wp\/v2\/pages"}],"about":[{"href":"https:\/\/gastropraxis-rheinberg.de\/index.php?rest_route=\/wp\/v2\/types\/page"}],"author":[{"embeddable":true,"href":"https:\/\/gastropraxis-rheinberg.de\/index.php?rest_route=\/wp\/v2\/users\/3"}],"replies":[{"embeddable":true,"href":"https:\/\/gastropraxis-rheinberg.de\/index.php?rest_route=%2Fwp%2Fv2%2Fcomments&post=347"}],"version-history":[{"count":35,"href":"https:\/\/gastropraxis-rheinberg.de\/index.php?rest_route=\/wp\/v2\/pages\/347\/revisions"}],"predecessor-version":[{"id":2102,"href":"https:\/\/gastropraxis-rheinberg.de\/index.php?rest_route=\/wp\/v2\/pages\/347\/revisions\/2102"}],"wp:attachment":[{"href":"https:\/\/gastropraxis-rheinberg.de\/index.php?rest_route=%2Fwp%2Fv2%2Fmedia&parent=347"}],"curies":[{"name":"wp","href":"https:\/\/api.w.org\/{rel}","templated":true}]}}