{"id":349,"date":"2015-05-10T05:38:36","date_gmt":"2015-05-10T04:38:36","guid":{"rendered":"http:\/\/gastropraxis-rheinberg.de\/g\/?page_id=349"},"modified":"2026-04-15T16:42:20","modified_gmt":"2026-04-15T15:42:20","slug":"koloskopie","status":"publish","type":"page","link":"https:\/\/gastropraxis-rheinberg.de\/?page_id=349","title":{"rendered":"Koloskopie"},"content":{"rendered":"<div class=\"fusion-fullwidth fullwidth-box fusion-builder-row-1 hundred-percent-fullwidth non-hundred-percent-height-scrolling\" style=\"--awb-border-radius-top-left:0px;--awb-border-radius-top-right:0px;--awb-border-radius-bottom-right:0px;--awb-border-radius-bottom-left:0px;--awb-overflow:visible;--awb-flex-wrap:wrap;\" ><div class=\"fusion-builder-row fusion-row\"><div class=\"fusion-layout-column fusion_builder_column fusion-builder-column-0 fusion_builder_column_1_3 1_3 fusion-one-third fusion-column-first\" style=\"--awb-bg-size:cover;width:30.6666%; margin-right: 4%;\"><div class=\"fusion-column-wrapper fusion-flex-column-wrapper-legacy\"><div class=\"fusion-image-element in-legacy-container\" style=\"--awb-caption-title-font-family:var(--h2_typography-font-family);--awb-caption-title-font-weight:var(--h2_typography-font-weight);--awb-caption-title-font-style:var(--h2_typography-font-style);--awb-caption-title-size:var(--h2_typography-font-size);--awb-caption-title-transform:var(--h2_typography-text-transform);--awb-caption-title-line-height:var(--h2_typography-line-height);--awb-caption-title-letter-spacing:var(--h2_typography-letter-spacing);\"><span class=\" fusion-imageframe imageframe-none imageframe-1 hover-type-none\"><img decoding=\"async\" width=\"300\" height=\"242\" title=\"Team_Gastro\" src=\"https:\/\/gastropraxis-rheinberg.de\/wp-content\/uploads\/2022\/11\/Team_Gastro-300x242.jpg\" alt class=\"img-responsive wp-image-1851\" srcset=\"https:\/\/gastropraxis-rheinberg.de\/wp-content\/uploads\/2022\/11\/Team_Gastro-200x161.jpg 200w, https:\/\/gastropraxis-rheinberg.de\/wp-content\/uploads\/2022\/11\/Team_Gastro-400x323.jpg 400w, https:\/\/gastropraxis-rheinberg.de\/wp-content\/uploads\/2022\/11\/Team_Gastro-600x484.jpg 600w, https:\/\/gastropraxis-rheinberg.de\/wp-content\/uploads\/2022\/11\/Team_Gastro-800x646.jpg 800w, https:\/\/gastropraxis-rheinberg.de\/wp-content\/uploads\/2022\/11\/Team_Gastro-1200x969.jpg 1200w\" sizes=\"(max-width: 800px) 100vw, 400px\" \/><\/span><\/div><div class=\"fusion-sep-clear\"><\/div><div class=\"fusion-separator fusion-full-width-sep\" style=\"margin-left: auto;margin-right: auto;margin-top:-20px;width:100%;\"><\/div><div class=\"fusion-sep-clear\"><\/div><div class=\"fusion-clearfix\"><\/div><\/div><\/div><div class=\"fusion-layout-column fusion_builder_column fusion-builder-column-1 fusion_builder_column_2_3 2_3 fusion-two-third fusion-column-last\" style=\"--awb-bg-size:cover;width:65.3333%;\"><div class=\"fusion-column-wrapper fusion-flex-column-wrapper-legacy\"><div class=\"fusion-title title fusion-title-1 fusion-title-text fusion-title-size-two\" style=\"--awb-margin-top-small:0px;--awb-margin-right-small:0px;--awb-margin-bottom-small:20px;--awb-margin-left-small:0px;\"><h2 class=\"fusion-title-heading title-heading-left\" style=\"margin:0;\"><span style=\"color: #b1c903;\"><strong>Koloskopie (Darmspiegelung)<\/strong><\/span><\/h2><span class=\"awb-title-spacer\"><\/span><div class=\"title-sep-container\"><div class=\"title-sep sep-double sep-solid\" style=\"border-color:#e0dede;\"><\/div><\/div><\/div><div class=\"fusion-text fusion-text-1\"><p>Die Spiegelung des Dickdarmes und auch des unteren D\u00fcnndarmabschnittes, die sogenannte Ileo-Koloskopie, ist ein komplikationsarmes Verfahren und dient der Abkl\u00e4rung von Bauchschmerzen, Stuhlgangsver\u00e4nderungen wie Durchfall oder Verstopfung, Blut im Stuhl, Blutarmut oder ungewollten Gewichtsverlustes. Au\u00dferdem wird sie als Vorsorgeuntersuchung eingesetzt, um m\u00f6glichst fr\u00fchzeitig gutartige Wucherungen der Darmschleimhaut, sogenannte Polypen, zu entfernen, welche, wenn Sie im Darm belassen w\u00fcrden, b\u00f6sartig, also zu Darmkrebs werden k\u00f6nnten. In der Darmkrebsvorsorge ist die Darmspiegelung das Verfahren mit der h\u00f6chsten Aussagekraft, welches sowohl diagnostisch (Auffinden von Polypen) als auch therapeutisch (Entfernen von Polypen) ist.<\/p>\n<p>Es ist uns ein besonderes Anliegen, dass vor, w\u00e4hrend und nach der Untersuchung Ihre Privatsph\u00e4re gewahrt wird. Deshalb haben wir unsere Praxisr\u00e4ume so gestaltet, dass Sie einen eigenen, separaten kleinen Aufwachraum mit einer unmittelbar anliegenden Toilette haben. Trotzdem k\u00f6nnen wir, falls erforderlich, Ihre Vitalparameter (Blutdruck, Sauerstoffs\u00e4ttigung und Herzfrequenz) jederzeit \u00fcber einen Monitor ablesen und wissen somit, dass es Ihnen gut geht.<\/p>\n<\/div><div class=\"fusion-clearfix\"><\/div><\/div><\/div><div class=\"fusion-layout-column fusion_builder_column fusion-builder-column-2 fusion_builder_column_1_2 1_2 fusion-one-half fusion-column-first\" style=\"--awb-bg-size:cover;width:48%; margin-right: 4%;\"><div class=\"fusion-column-wrapper fusion-flex-column-wrapper-legacy\"><div class=\"fusion-title title fusion-title-2 fusion-title-text fusion-title-size-two\" style=\"--awb-margin-top-small:0px;--awb-margin-right-small:0px;--awb-margin-bottom-small:20px;--awb-margin-left-small:0px;\"><h2 class=\"fusion-title-heading title-heading-left\" style=\"margin:0;\"><span style=\"color: #b1c903;\"><strong>Vorbereitung<\/strong><\/span><\/h2><span class=\"awb-title-spacer\"><\/span><div class=\"title-sep-container\"><div class=\"title-sep sep-double sep-solid\" style=\"border-color:#e0dede;\"><\/div><\/div><\/div><div class=\"fusion-text fusion-text-2\"><p>Um die Darmschleimhaut optimal beurteilen zu k\u00f6nnen, muss der Darm vor der Spiegelung gr\u00fcndlich gereinigt werden. 5 Tage vor dem Untersuchungstermin sollten Sie k\u00f6rnerhaltige Nahrungsmittel, wie z. B. Vollkornbrot und M\u00fcsli, aber auch Tomaten, Trauben oder Kiwi, meiden. Die Abf\u00fchrma\u00dfnahmen beginnen dann in der Regel am Nachmittag des Vortages der Untersuchung.<\/p>\n<p>In einem Vorgespr\u00e4ch, welches zumeist ca. 1 Woche vor dem Untersuchungstermin stattfindet, kl\u00e4ren wir Sie \u00fcber die erforderlichen Ma\u00dfnahmen umfassend auf und h\u00e4ndigen Ihnen sowohl das Abf\u00fchrmittel als auch eine Anleitung zur Vorbereitung aus.<\/p>\n<h3><a href=\"http:\/\/gastropraxis-rheinberg.de\/wp-content\/uploads\/2015\/07\/028_003_Info_Darmspiegelung_A4.pdf\">Die Anleitung zur Vorbereitung finden Sie aber auch hier.<\/a><\/h3>\n<\/div><div class=\"fusion-clearfix\"><\/div><\/div><\/div><div class=\"fusion-layout-column fusion_builder_column fusion-builder-column-3 fusion_builder_column_1_2 1_2 fusion-one-half fusion-column-last\" style=\"--awb-bg-size:cover;width:48%;\"><div class=\"fusion-column-wrapper fusion-flex-column-wrapper-legacy\"><div class=\"fusion-title title fusion-title-3 fusion-title-text fusion-title-size-two\" style=\"--awb-margin-top-small:0px;--awb-margin-right-small:0px;--awb-margin-bottom-small:20px;--awb-margin-left-small:0px;\"><h2 class=\"fusion-title-heading title-heading-left\" style=\"margin:0;\"><span style=\"color: #b1c903;\"><strong>Ablauf der Untersuchung<\/strong><\/span><\/h2><span class=\"awb-title-spacer\"><\/span><div class=\"title-sep-container\"><div class=\"title-sep sep-double sep-solid\" style=\"border-color:#e0dede;\"><\/div><\/div><\/div><div class=\"fusion-text fusion-text-3\"><p>Die Untersuchung kann, wenn Sie es w\u00fcnschen, in Sedierung (Spritze \/ Kurznarkose) durchgef\u00fchrt werden und dauert ca. 20-30 Minuten. Zur Sedierung verwenden wir in aller Regel das Medikament Propofol, welches kurzwirksam und gut vertr\u00e4glich ist. \u00dcber den After wird das Endoskop, ein flexibles optisches Instrument, durch den gesamten Dickdarm und, falls erforderlich, bis in das Ende des D\u00fcnndarms vorgeschoben. W\u00e4hrend der Untersuchung wird \u00fcber das Ger\u00e4t Luft in den Darm gegeben, damit sich dieser entfaltet und sorgf\u00e4ltig inspiziert werden kann. Wir verwenden anstelle von Raumluft das Gas CO2 (Kohlenstoffdioxid), welches einen h\u00f6heren Patientenkomfort bietet, da es kaum zu Bl\u00e4hungen f\u00fchrt.<\/p>\n<p>Falls erforderlich werden Gewebeproben zur feingeweblichen Begutachtung entnommen oder aber Polypen (gutartige Gewebewucherungen der Darmschleimhaut) entfernt. Dies ist schmerzfrei.<br \/>\nWird die Untersuchung unter Sedierung durchgef\u00fchrt, ben\u00f6tigen Sie eine Begleitperson, die Sie nach der Untersuchung in unseren Praxisr\u00e4umen abholt. Des Weiteren d\u00fcrfen Sie 12 Stunden nicht aktiv am Stra\u00dfenverkehr teilnehmen.<br \/>\nIm Anschluss an die Nachbeobachtungszeit besprechen wir mit Ihnen in einem kurzen Gespr\u00e4ch das Ergebnis der Untersuchung und eventuell notwendige Verhaltensanweisungen.<br \/>\nBitte planen Sie f\u00fcr Ihre Begleitperson einen zeitlichen Gesamtaufwand von ca. 1,5 Stunden ein.<\/p>\n<\/div><div class=\"fusion-clearfix\"><\/div><\/div><\/div><div class=\"fusion-layout-column fusion_builder_column fusion-builder-column-4 fusion_builder_column_1_1 1_1 fusion-one-full fusion-column-first fusion-column-last fusion-column-no-min-height\" style=\"--awb-bg-size:cover;--awb-margin-bottom:0px;\"><div class=\"fusion-column-wrapper fusion-flex-column-wrapper-legacy\"><div class=\"fusion-text fusion-text-4\"><p>\u00a0<\/p>\n<\/div><div class=\"fusion-clearfix\"><\/div><\/div><\/div><\/div><\/div>\n","protected":false},"excerpt":{"rendered":"","protected":false},"author":3,"featured_media":0,"parent":0,"menu_order":0,"comment_status":"closed","ping_status":"closed","template":"","meta":{"_bbp_topic_count":0,"_bbp_reply_count":0,"_bbp_total_topic_count":0,"_bbp_total_reply_count":0,"_bbp_voice_count":0,"_bbp_anonymous_reply_count":0,"_bbp_topic_count_hidden":0,"_bbp_reply_count_hidden":0,"_bbp_forum_subforum_count":0,"footnotes":""},"class_list":["post-349","page","type-page","status-publish","hentry"],"_links":{"self":[{"href":"https:\/\/gastropraxis-rheinberg.de\/index.php?rest_route=\/wp\/v2\/pages\/349","targetHints":{"allow":["GET"]}}],"collection":[{"href":"https:\/\/gastropraxis-rheinberg.de\/index.php?rest_route=\/wp\/v2\/pages"}],"about":[{"href":"https:\/\/gastropraxis-rheinberg.de\/index.php?rest_route=\/wp\/v2\/types\/page"}],"author":[{"embeddable":true,"href":"https:\/\/gastropraxis-rheinberg.de\/index.php?rest_route=\/wp\/v2\/users\/3"}],"replies":[{"embeddable":true,"href":"https:\/\/gastropraxis-rheinberg.de\/index.php?rest_route=%2Fwp%2Fv2%2Fcomments&post=349"}],"version-history":[{"count":26,"href":"https:\/\/gastropraxis-rheinberg.de\/index.php?rest_route=\/wp\/v2\/pages\/349\/revisions"}],"predecessor-version":[{"id":2101,"href":"https:\/\/gastropraxis-rheinberg.de\/index.php?rest_route=\/wp\/v2\/pages\/349\/revisions\/2101"}],"wp:attachment":[{"href":"https:\/\/gastropraxis-rheinberg.de\/index.php?rest_route=%2Fwp%2Fv2%2Fmedia&parent=349"}],"curies":[{"name":"wp","href":"https:\/\/api.w.org\/{rel}","templated":true}]}}