{"id":353,"date":"2015-05-10T05:39:33","date_gmt":"2015-05-10T04:39:33","guid":{"rendered":"http:\/\/gastropraxis-rheinberg.de\/g\/?page_id=353"},"modified":"2019-07-11T20:48:22","modified_gmt":"2019-07-11T19:48:22","slug":"atemtests","status":"publish","type":"page","link":"https:\/\/gastropraxis-rheinberg.de\/?page_id=353","title":{"rendered":"Atemtests"},"content":{"rendered":"<div class=\"fusion-fullwidth fullwidth-box fusion-builder-row-1 hundred-percent-fullwidth non-hundred-percent-height-scrolling\" style=\"--awb-border-radius-top-left:0px;--awb-border-radius-top-right:0px;--awb-border-radius-bottom-right:0px;--awb-border-radius-bottom-left:0px;--awb-overflow:visible;--awb-flex-wrap:wrap;\" ><div class=\"fusion-builder-row fusion-row\"><div class=\"fusion-layout-column fusion_builder_column fusion-builder-column-0 fusion_builder_column_1_3 1_3 fusion-one-third fusion-column-first\" style=\"--awb-bg-size:cover;width:30.6666%; margin-right: 4%;\"><div class=\"fusion-column-wrapper fusion-flex-column-wrapper-legacy\"><div class=\"fusion-image-element in-legacy-container\" style=\"--awb-caption-title-font-family:var(--h2_typography-font-family);--awb-caption-title-font-weight:var(--h2_typography-font-weight);--awb-caption-title-font-style:var(--h2_typography-font-style);--awb-caption-title-size:var(--h2_typography-font-size);--awb-caption-title-transform:var(--h2_typography-text-transform);--awb-caption-title-line-height:var(--h2_typography-line-height);--awb-caption-title-letter-spacing:var(--h2_typography-letter-spacing);\"><span class=\" fusion-imageframe imageframe-none imageframe-1 hover-type-none\"><img decoding=\"async\" src=\"http:\/\/gastropraxis-rheinberg.de\/wp-content\/uploads\/2015\/05\/DSC_1519_gruen_400x325-300x242.jpg\" alt class=\"img-responsive\"\/><\/span><\/div><div class=\"fusion-sep-clear\"><\/div><div class=\"fusion-separator fusion-full-width-sep\" style=\"margin-left: auto;margin-right: auto;margin-top:-20px;width:100%;\"><\/div><div class=\"fusion-sep-clear\"><\/div><div class=\"fusion-clearfix\"><\/div><\/div><\/div><div class=\"fusion-layout-column fusion_builder_column fusion-builder-column-1 fusion_builder_column_2_3 2_3 fusion-two-third fusion-column-last\" style=\"--awb-bg-size:cover;width:65.3333%;\"><div class=\"fusion-column-wrapper fusion-flex-column-wrapper-legacy\"><div class=\"fusion-title title fusion-title-1 fusion-title-text fusion-title-size-two\" style=\"--awb-margin-top-small:0px;--awb-margin-right-small:0px;--awb-margin-bottom-small:20px;--awb-margin-left-small:0px;\"><h2 class=\"fusion-title-heading title-heading-left\" style=\"margin:0;\"><span style=\"color: #b1c903;\"><strong>H2-Atemtests<\/strong><\/span><\/h2><span class=\"awb-title-spacer\"><\/span><div class=\"title-sep-container\"><div class=\"title-sep sep-double sep-solid\" style=\"border-color:#e0dede;\"><\/div><\/div><\/div><div class=\"fusion-text fusion-text-1\"><p>Der H2(Wasserstoff)-Atemtest ist einfach und z\u00fcgig durchzuf\u00fchren und beinhaltet keinerlich Risiken. Er erm\u00f6glicht, bei Patienten, die an Durchf\u00e4llen, Bl\u00e4hungen und wiederkehrenden Bauchschmerzen leiden, Nahrungsmittelintoleranzen zu identifizieren.<\/p>\n<p>Wasserstoff entsteht, wenn verschiedene Zucker, z. B. Lactose (Milchzucker) oder Fructose (Frucktzucker) im D\u00fcnndarm nicht oder nur unvollst\u00e4ndig aufgenommen werden. Dies kann daran liegen, dass bestimmte Enzyme im K\u00f6rper nicht in ausreichender Menge hergestellt werden. Die Zucker gelangen dann in den Dickdarm und werden dort von Bakterien zersetzt. Dabei entstehen Gase, u. a. Wasserstoff, welches \u00fcber die Darmwand in das Blut aufgenommen und schlie\u00dflich \u00fcber die Lungen abgeatmet wird. Der Wasserstoffgehalt der Ausatemluft kann gemessen und damit St\u00f6rungen in der Aufnahme von Nahrungsmittelbestandteilen detektiert werden.<\/p>\n<\/div><div class=\"fusion-clearfix\"><\/div><\/div><\/div><div class=\"fusion-layout-column fusion_builder_column fusion-builder-column-2 fusion_builder_column_1_2 1_2 fusion-one-half fusion-column-first\" style=\"--awb-bg-size:cover;width:48%; margin-right: 4%;\"><div class=\"fusion-column-wrapper fusion-flex-column-wrapper-legacy\"><div class=\"fusion-title title fusion-title-2 fusion-title-text fusion-title-size-two\" style=\"--awb-margin-top-small:0px;--awb-margin-right-small:0px;--awb-margin-bottom-small:20px;--awb-margin-left-small:0px;\"><h2 class=\"fusion-title-heading title-heading-left\" style=\"margin:0;\"><span style=\"color: #b1c903;\"><strong>Vorbereitung<\/strong><\/span><\/h2><span class=\"awb-title-spacer\"><\/span><div class=\"title-sep-container\"><div class=\"title-sep sep-double sep-solid\" style=\"border-color:#e0dede;\"><\/div><\/div><\/div><div class=\"fusion-text fusion-text-2\"><p>Vor einem H2-Atemtest ist es unbedingt notwendig, dass Sie 12 Stunden vor Testbeginn n\u00fcchtern bleiben. Dies gilt auch f\u00fcr Kaugummis oder Bonbons. Ebenso sollte eine 12st\u00fcndige Nikotinkarenz eingehalten werden, da sonst das Testergebnis verf\u00e4lscht werden k\u00f6nnte. Stilles Wasser darf bis 2 Stunden vor Beginn der Untersuchung getrunken werden.<\/p>\n<p>2 Wochen vor einem H2-Atemtest sollten Sie weder eine Antibiotikatherapie erhalten haben noch sollte eine Untersuchung durchgef\u00fchrt worden sein, die mit einer Darmreinigung, wie zum Beispiel eine Darmspiegelung, einhergeht.<\/p>\n<\/div><div class=\"fusion-clearfix\"><\/div><\/div><\/div><div class=\"fusion-layout-column fusion_builder_column fusion-builder-column-3 fusion_builder_column_1_2 1_2 fusion-one-half fusion-column-last\" style=\"--awb-bg-size:cover;width:48%;\"><div class=\"fusion-column-wrapper fusion-flex-column-wrapper-legacy\"><div class=\"fusion-title title fusion-title-3 fusion-title-text fusion-title-size-two\" style=\"--awb-margin-top-small:0px;--awb-margin-right-small:0px;--awb-margin-bottom-small:20px;--awb-margin-left-small:0px;\"><h2 class=\"fusion-title-heading title-heading-left\" style=\"margin:0;\"><span style=\"color: #b1c903;\"><strong>Ablauf der Untersuchung<\/strong><\/span><\/h2><span class=\"awb-title-spacer\"><\/span><div class=\"title-sep-container\"><div class=\"title-sep sep-double sep-solid\" style=\"border-color:#e0dede;\"><\/div><\/div><\/div><div class=\"fusion-text fusion-text-3\"><p>Zu Beginn der Untersuchung wird zun\u00e4chst eine sogenannte Leerprobe aus der Ausatemluft genommen, d. h. sie atmen nach Anweisung unserer Mitarbeiterinnen \u00fcber ein Einmalmundst\u00fcck in ein Ger\u00e4t, welches die Wasserstoffkonzentration in der Ausatemluft misst. Im Anschluss erhalten Sie eine definierte Menge des zu untersuchenden Zuckers, die Sie zu sich nehmen. Es handelt sich um eine s\u00fc\u00df schmeckende L\u00f6sung. Danach werden in 30min\u00fctigen Zeitabst\u00e4nden \u00fcber insgesamt 120 Minuten weitere Atemproben genommen.<\/p>\n<p>W\u00e4hrend der Untersuchung ist folgendes zu beachten:<\/p>\n<ul>\n<li>keine vermehrte k\u00f6rperliche Aktivit\u00e4t, wie zum Beispiel Treppensteigen<\/li>\n<li>Nikotinkarenz bis der Test komplett durchgef\u00fchrt ist<\/li>\n<li>keine Einnahme von Speisen und Getr\u00e4nken bis der Test abgeschlossen ist<\/li>\n<li>kein Kaugummikauen oder Bonbonlutschen w\u00e4hrend des Tests<\/li>\n<\/ul>\n<p>Unserer Mitarbeiterinnen werden Sie w\u00e4hrend der Untersuchung nach m\u00f6glichen Beschwerden, wie \u00dcbelkeit, Bauchschmerzen, Bl\u00e4hungen oder Durchfall fragen. Im Anschluss an den Test k\u00f6nnen wir Ihnen sofort mitteilen, ob dieser positiv ausgefallen ist. In diesem Fall erhalten Sie von uns ein Merkblatt, welches Sie \u00fcber die bei Ihnen vorliegende Nahrungsmittelintoleranz informiert.<\/p>\n<\/div><div class=\"fusion-clearfix\"><\/div><\/div><\/div><div class=\"fusion-layout-column fusion_builder_column fusion-builder-column-4 fusion_builder_column_1_1 1_1 fusion-one-full fusion-column-first fusion-column-last fusion-column-no-min-height\" style=\"--awb-bg-size:cover;--awb-margin-bottom:0px;\"><div class=\"fusion-column-wrapper fusion-flex-column-wrapper-legacy\"><div class=\"fusion-text fusion-text-4\"><p>\u00a0<\/p>\n<\/div><div class=\"fusion-clearfix\"><\/div><\/div><\/div><\/div><\/div>\n","protected":false},"excerpt":{"rendered":"","protected":false},"author":3,"featured_media":0,"parent":0,"menu_order":0,"comment_status":"closed","ping_status":"closed","template":"","meta":{"_bbp_topic_count":0,"_bbp_reply_count":0,"_bbp_total_topic_count":0,"_bbp_total_reply_count":0,"_bbp_voice_count":0,"_bbp_anonymous_reply_count":0,"_bbp_topic_count_hidden":0,"_bbp_reply_count_hidden":0,"_bbp_forum_subforum_count":0,"footnotes":""},"class_list":["post-353","page","type-page","status-publish","hentry"],"_links":{"self":[{"href":"https:\/\/gastropraxis-rheinberg.de\/index.php?rest_route=\/wp\/v2\/pages\/353","targetHints":{"allow":["GET"]}}],"collection":[{"href":"https:\/\/gastropraxis-rheinberg.de\/index.php?rest_route=\/wp\/v2\/pages"}],"about":[{"href":"https:\/\/gastropraxis-rheinberg.de\/index.php?rest_route=\/wp\/v2\/types\/page"}],"author":[{"embeddable":true,"href":"https:\/\/gastropraxis-rheinberg.de\/index.php?rest_route=\/wp\/v2\/users\/3"}],"replies":[{"embeddable":true,"href":"https:\/\/gastropraxis-rheinberg.de\/index.php?rest_route=%2Fwp%2Fv2%2Fcomments&post=353"}],"version-history":[{"count":11,"href":"https:\/\/gastropraxis-rheinberg.de\/index.php?rest_route=\/wp\/v2\/pages\/353\/revisions"}],"predecessor-version":[{"id":1404,"href":"https:\/\/gastropraxis-rheinberg.de\/index.php?rest_route=\/wp\/v2\/pages\/353\/revisions\/1404"}],"wp:attachment":[{"href":"https:\/\/gastropraxis-rheinberg.de\/index.php?rest_route=%2Fwp%2Fv2%2Fmedia&parent=353"}],"curies":[{"name":"wp","href":"https:\/\/api.w.org\/{rel}","templated":true}]}}