{"id":364,"date":"2015-05-10T05:43:38","date_gmt":"2015-05-10T04:43:38","guid":{"rendered":"http:\/\/gastropraxis-rheinberg.de\/g\/?page_id=364"},"modified":"2019-07-11T20:48:21","modified_gmt":"2019-07-11T19:48:21","slug":"fruktose","status":"publish","type":"page","link":"https:\/\/gastropraxis-rheinberg.de\/?page_id=364","title":{"rendered":"Fruktose"},"content":{"rendered":"<div class=\"fusion-fullwidth fullwidth-box fusion-builder-row-1 hundred-percent-fullwidth non-hundred-percent-height-scrolling\" style=\"--awb-border-radius-top-left:0px;--awb-border-radius-top-right:0px;--awb-border-radius-bottom-right:0px;--awb-border-radius-bottom-left:0px;--awb-overflow:visible;--awb-flex-wrap:wrap;\" ><div class=\"fusion-builder-row fusion-row\"><div class=\"fusion-layout-column fusion_builder_column fusion-builder-column-0 fusion_builder_column_1_3 1_3 fusion-one-third fusion-column-first\" style=\"--awb-bg-size:cover;width:30.6666%; margin-right: 4%;\"><div class=\"fusion-column-wrapper fusion-flex-column-wrapper-legacy\"><div class=\"fusion-image-element in-legacy-container\" style=\"--awb-caption-title-font-family:var(--h2_typography-font-family);--awb-caption-title-font-weight:var(--h2_typography-font-weight);--awb-caption-title-font-style:var(--h2_typography-font-style);--awb-caption-title-size:var(--h2_typography-font-size);--awb-caption-title-transform:var(--h2_typography-text-transform);--awb-caption-title-line-height:var(--h2_typography-line-height);--awb-caption-title-letter-spacing:var(--h2_typography-letter-spacing);\"><span class=\" fusion-imageframe imageframe-none imageframe-1 hover-type-none\"><img decoding=\"async\" src=\"http:\/\/gastropraxis-rheinberg.de\/wp-content\/uploads\/2015\/05\/DSC_1519_gruen_400x325-300x242.jpg\" alt class=\"img-responsive\"\/><\/span><\/div><div class=\"fusion-sep-clear\"><\/div><div class=\"fusion-separator fusion-full-width-sep\" style=\"margin-left: auto;margin-right: auto;margin-top:-20px;width:100%;\"><\/div><div class=\"fusion-sep-clear\"><\/div><div class=\"fusion-clearfix\"><\/div><\/div><\/div><div class=\"fusion-layout-column fusion_builder_column fusion-builder-column-1 fusion_builder_column_2_3 2_3 fusion-two-third fusion-column-last\" style=\"--awb-bg-size:cover;width:65.3333%;\"><div class=\"fusion-column-wrapper fusion-flex-column-wrapper-legacy\"><div class=\"fusion-title title fusion-title-1 fusion-title-text fusion-title-size-two\" style=\"--awb-margin-top-small:0px;--awb-margin-right-small:0px;--awb-margin-bottom-small:20px;--awb-margin-left-small:0px;\"><h2 class=\"fusion-title-heading title-heading-left\" style=\"margin:0;\"><span style=\"color: #b1c903;\"><strong>Fructose<\/strong><\/span><\/h2><span class=\"awb-title-spacer\"><\/span><div class=\"title-sep-container\"><div class=\"title-sep sep-double sep-solid\" style=\"border-color:#e0dede;\"><\/div><\/div><\/div><div class=\"fusion-text fusion-text-1\"><p><strong>Fructose<\/strong> (Frucktzucker) ist ein sogenannter Einfachzucker (Monosaccharid), welcher zur Aufnahme im D\u00fcnndarm nicht gespalten werden muss, sondern zum Teil passiv und zum Teil \u00fcber einen speziellen Transporter, dem GLUT-5-Transporter, resorbiert (aufgenommen) wird. Bei der <strong>Fructosemalabsorption<\/strong> (Fruchtzuckerunvertr\u00e4glichkeit) liegt eine St\u00f6rung der Aufnahme von Fructose durch verminderte Aktivit\u00e4t des Transporters im D\u00fcnndarm vor. Die Fructose wird nur eingeschr\u00e4nkt resorbiert und gelangt in den Dickdarm, wo sie von Bakterien zersetzt wird. Dies verursacht V\u00f6llegef\u00fchl, Bl\u00e4hungen, Bauchschmerzen und Durchfall.<\/p>\n<p>Um herauszufinden, ob bei Ihnen eine Fructosemalabsorption vorliegt, erhalten Sie im Rahmen eines <strong>H2-Atemtests<\/strong> als Testzucker Fructose.<\/p>\n<p>Liegt eine Fructosemalabsorption vor, sollte der Fruchtzuckergehalt in der Nahrung reduziert werden. Es ist allerdings nicht erforderlich, fructosehaltige Nahrungsmittel vollst\u00e4ndig zu meiden. Der gleichzeitige Verzehr von Glucose (Traubenzucker) verbessert durch eine Steigerung der Aktivit\u00e4t des GLUT-5-Transporters die Aufnahme von Fructose.<\/p>\n<\/div><div class=\"fusion-clearfix\"><\/div><\/div><\/div>\n<p>&nbsp;<\/p>\n<p>&nbsp;<\/div><\/div>\n","protected":false},"excerpt":{"rendered":"","protected":false},"author":3,"featured_media":0,"parent":0,"menu_order":0,"comment_status":"closed","ping_status":"closed","template":"","meta":{"_bbp_topic_count":0,"_bbp_reply_count":0,"_bbp_total_topic_count":0,"_bbp_total_reply_count":0,"_bbp_voice_count":0,"_bbp_anonymous_reply_count":0,"_bbp_topic_count_hidden":0,"_bbp_reply_count_hidden":0,"_bbp_forum_subforum_count":0,"footnotes":""},"class_list":["post-364","page","type-page","status-publish","hentry"],"_links":{"self":[{"href":"https:\/\/gastropraxis-rheinberg.de\/index.php?rest_route=\/wp\/v2\/pages\/364","targetHints":{"allow":["GET"]}}],"collection":[{"href":"https:\/\/gastropraxis-rheinberg.de\/index.php?rest_route=\/wp\/v2\/pages"}],"about":[{"href":"https:\/\/gastropraxis-rheinberg.de\/index.php?rest_route=\/wp\/v2\/types\/page"}],"author":[{"embeddable":true,"href":"https:\/\/gastropraxis-rheinberg.de\/index.php?rest_route=\/wp\/v2\/users\/3"}],"replies":[{"embeddable":true,"href":"https:\/\/gastropraxis-rheinberg.de\/index.php?rest_route=%2Fwp%2Fv2%2Fcomments&post=364"}],"version-history":[{"count":10,"href":"https:\/\/gastropraxis-rheinberg.de\/index.php?rest_route=\/wp\/v2\/pages\/364\/revisions"}],"predecessor-version":[{"id":1401,"href":"https:\/\/gastropraxis-rheinberg.de\/index.php?rest_route=\/wp\/v2\/pages\/364\/revisions\/1401"}],"wp:attachment":[{"href":"https:\/\/gastropraxis-rheinberg.de\/index.php?rest_route=%2Fwp%2Fv2%2Fmedia&parent=364"}],"curies":[{"name":"wp","href":"https:\/\/api.w.org\/{rel}","templated":true}]}}