{"id":554,"date":"2015-05-16T18:53:03","date_gmt":"2015-05-16T17:53:03","guid":{"rendered":"http:\/\/gastropraxis-rheinberg.de\/g\/?page_id=554"},"modified":"2019-07-11T20:48:21","modified_gmt":"2019-07-11T19:48:21","slug":"duenndarmkapselendoskopie","status":"publish","type":"page","link":"https:\/\/gastropraxis-rheinberg.de\/?page_id=554","title":{"rendered":"D\u00fcnndarmkapsel"},"content":{"rendered":"<div class=\"fusion-fullwidth fullwidth-box fusion-builder-row-1 hundred-percent-fullwidth non-hundred-percent-height-scrolling\" style=\"--awb-border-radius-top-left:0px;--awb-border-radius-top-right:0px;--awb-border-radius-bottom-right:0px;--awb-border-radius-bottom-left:0px;--awb-overflow:visible;--awb-flex-wrap:wrap;\" ><div class=\"fusion-builder-row fusion-row\"><div class=\"fusion-layout-column fusion_builder_column fusion-builder-column-0 fusion_builder_column_1_3 1_3 fusion-one-third fusion-column-first\" style=\"--awb-bg-size:cover;width:30.6666%; margin-right: 4%;\"><div class=\"fusion-column-wrapper fusion-flex-column-wrapper-legacy\"><div class=\"fusion-text fusion-text-1\"><p><a href=\"http:\/\/gastropraxis-rheinberg.de\/wp-content\/uploads\/2015\/05\/Pille.jpg\"><img decoding=\"async\" class=\"alignnone size-full wp-image-1065\" src=\"http:\/\/gastropraxis-rheinberg.de\/wp-content\/uploads\/2015\/05\/Pille.jpg\" alt=\"Pille\" width=\"600\" height=\"400\" srcset=\"https:\/\/gastropraxis-rheinberg.de\/wp-content\/uploads\/2015\/05\/Pille-300x200.jpg 300w, https:\/\/gastropraxis-rheinberg.de\/wp-content\/uploads\/2015\/05\/Pille.jpg 600w\" sizes=\"(max-width: 600px) 100vw, 600px\" \/><\/a><\/p>\n<\/div><div class=\"fusion-sep-clear\"><\/div><div class=\"fusion-separator fusion-full-width-sep\" style=\"margin-left: auto;margin-right: auto;margin-top:-20px;width:100%;\"><\/div><div class=\"fusion-sep-clear\"><\/div><div class=\"fusion-clearfix\"><\/div><\/div><\/div><div class=\"fusion-layout-column fusion_builder_column fusion-builder-column-1 fusion_builder_column_2_3 2_3 fusion-two-third fusion-column-last\" style=\"--awb-bg-size:cover;width:65.3333%;\"><div class=\"fusion-column-wrapper fusion-flex-column-wrapper-legacy\"><div class=\"fusion-title title fusion-title-1 fusion-title-text fusion-title-size-two\" style=\"--awb-margin-top-small:0px;--awb-margin-right-small:0px;--awb-margin-bottom-small:20px;--awb-margin-left-small:0px;\"><h2 class=\"fusion-title-heading title-heading-left\" style=\"margin:0;\"><strong><span style=\"color: #b1c903;\">D\u00fcnndarmkapselendoskopie<\/span><\/strong><\/h2><span class=\"awb-title-spacer\"><\/span><div class=\"title-sep-container\"><div class=\"title-sep sep-double sep-solid\" style=\"border-color:#e0dede;\"><\/div><\/div><\/div><div class=\"fusion-text fusion-text-2\"><p>Die D\u00fcnndarmkapselendoskopie erm\u00f6glicht die nicht-invasive Endoskopie des gesamten D\u00fcnndarms. So k\u00f6nnen krankhafte Ver\u00e4nderungen wie z. B. Gef\u00e4\u00dferweiterungen, Entz\u00fcndungen, Geschw\u00fcre oder aber auch Tumore erkannt werden. Eine Erbringung dieser Leistung zu Lasten der gesetzlichen Krankenkassen ist nur m\u00f6glich, wenn eine Blutarmut infolge Eisenmangels, also ein chronischer Blutverlust, vorliegt, ohne dass eine potentielle Blutungsquelle in der Magen- und Darmspiegelung nachgewiesen wurde.<\/p>\n<p>Die Untersuchung erfolgt mit einer zum Einmalgebrauch hergestellten Video-Kapsel, die in Form und Gr\u00f6\u00dfe ungef\u00e4hr einer gr\u00f6\u00dferen Tablette entspricht. Die Kapsel enth\u00e4lt batteriebetriebene Leuchtdioden und eine Chip-Kamera, die auf dem Weg durch den Magen-Darm-Trakt bis zu 100.000 Videobilder aufnimmt. Die Batterien erzeugen Strom f\u00fcr bis zu 13 Stunden, dies entspricht der maximalen Laufkapazit\u00e4t der Kapsel. Die von der Kamera aufgenommenen Bilder werden \u00fcber Sensoren, die auf ihren K\u00f6rper geklebt werden, an einen kleinen Recorder, den Sie bei sich tragen, gesendet und dort gespeichert. Durch die standardisierte Position der auf den K\u00f6rper geklebten Sensoren kann sp\u00e4ter die Position der Kapsel f\u00fcr jeden Zeitpunkt der Untersuchung errechnet und graphisch dargestellt werden.<\/p>\n<\/div><div class=\"fusion-clearfix\"><\/div><\/div><\/div><div class=\"fusion-layout-column fusion_builder_column fusion-builder-column-2 fusion_builder_column_1_2 1_2 fusion-one-half fusion-column-first\" style=\"--awb-bg-size:cover;width:48%; margin-right: 4%;\"><div class=\"fusion-column-wrapper fusion-flex-column-wrapper-legacy\"><div class=\"fusion-title title fusion-title-2 fusion-title-text fusion-title-size-two\" style=\"--awb-margin-top-small:0px;--awb-margin-right-small:0px;--awb-margin-bottom-small:20px;--awb-margin-left-small:0px;\"><h2 class=\"fusion-title-heading title-heading-left\" style=\"margin:0;\"><strong><span style=\"color: #b1c903;\">Vorbereitung<\/span><\/strong><\/h2><span class=\"awb-title-spacer\"><\/span><div class=\"title-sep-container\"><div class=\"title-sep sep-double sep-solid\" style=\"border-color:#e0dede;\"><\/div><\/div><\/div><div class=\"fusion-text fusion-text-3\"><p>Die Vorbereitung zur D\u00fcnndarmkapselendoskopie erfolgt analog zu der einer Darmspiegelung, d. h. durch das Trinken einer Reinigungsl\u00f6sung. Nur dann ist gew\u00e4hrleistet, dass die D\u00fcnndarmschleimhaut auf den angefertigen Bildern gut beurteilbar ist.<br \/>\nIn einem Vorgespr\u00e4ch, welches einige Tage vor dem Untersuchungstermin stattfindet, kl\u00e4ren wir Sie \u00fcber die erforderlichen Ma\u00dfnahmen umfassend auf und h\u00e4ndigen Ihnen sowohl das Abf\u00fchrmittel als auch eine Anleitung zur Vorbereitung aus.<\/p>\n<\/div><div class=\"fusion-clearfix\"><\/div><\/div><\/div><div class=\"fusion-layout-column fusion_builder_column fusion-builder-column-3 fusion_builder_column_1_2 1_2 fusion-one-half fusion-column-last\" style=\"--awb-bg-size:cover;width:48%;\"><div class=\"fusion-column-wrapper fusion-flex-column-wrapper-legacy\"><div class=\"fusion-title title fusion-title-3 fusion-title-text fusion-title-size-two\" style=\"--awb-margin-top-small:0px;--awb-margin-right-small:0px;--awb-margin-bottom-small:20px;--awb-margin-left-small:0px;\"><h2 class=\"fusion-title-heading title-heading-left\" style=\"margin:0;\"><strong><span style=\"color: #b1c903;\">Ablauf der Untersuchung<\/span><\/strong><\/h2><span class=\"awb-title-spacer\"><\/span><div class=\"title-sep-container\"><div class=\"title-sep sep-double sep-solid\" style=\"border-color:#e0dede;\"><\/div><\/div><\/div><div class=\"fusion-text fusion-text-4\"><p>Am Untersuchungstag bitten wie Sie in legerer Kleidung in die Praxis zu kommen. Zun\u00e4chst werden wir Ihnen dann eine kleine Menge einer Fl\u00fcssigkeit (&#8222;Entsch\u00e4umer&#8220;) zu trinken geben, die Luftbl\u00e4schen im D\u00fcnndarm reduziert, damit die D\u00fcnndarmschleimhaut noch besser beurteilbar wird. Im Anschluss bringen wir die Sensoren auf Ihrer Bauchhaut auf. Fettende Hautcremes k\u00f6nnen das Anhaften der Sensoren beeintr\u00e4chtigen, deshalb bitten wir Sie, sich am Morgen der Untersuchung nicht einzucremen.<\/p>\n<p>Nach dem Schlucken der Kapsel mit einem Glas Wasser d\u00fcrfen Sie die Praxis verlassen, sollten allerdings erst nach 4 Stunden essen. Nach 2 Stunden ist das Trinken klarer Fl\u00fcssigkeiten erlaubt.<\/p>\n<p>Nach Ablauf der Regeluntersuchungszeit von ca. 6-8 Stunden hat die Kapsel den Dickdarm erreicht und die Sensoren k\u00f6nnen entfernt werden. Dann wird das Aufnahmeger\u00e4t an einen Computer angeschlossen und mittels spezieller Programme ausgewertet.<\/p>\n<p>Die Kapsel wird schlie\u00dflich auf nat\u00fcrlichem Wege ausgeschieden und nicht mehr ben\u00f6tigt.<\/p>\n<\/div><div class=\"fusion-clearfix\"><\/div><\/div><\/div><div class=\"fusion-layout-column fusion_builder_column fusion-builder-column-4 fusion_builder_column_1_1 1_1 fusion-one-full fusion-column-first fusion-column-last fusion-column-no-min-height\" style=\"--awb-bg-size:cover;--awb-margin-bottom:0px;\"><div class=\"fusion-column-wrapper fusion-flex-column-wrapper-legacy\"><div class=\"fusion-text fusion-text-5\"><p>\u00a0<\/p>\n<\/div><div class=\"fusion-clearfix\"><\/div><\/div><\/div><\/div><\/div>\n","protected":false},"excerpt":{"rendered":"","protected":false},"author":5,"featured_media":0,"parent":0,"menu_order":0,"comment_status":"closed","ping_status":"closed","template":"","meta":{"_bbp_topic_count":0,"_bbp_reply_count":0,"_bbp_total_topic_count":0,"_bbp_total_reply_count":0,"_bbp_voice_count":0,"_bbp_anonymous_reply_count":0,"_bbp_topic_count_hidden":0,"_bbp_reply_count_hidden":0,"_bbp_forum_subforum_count":0,"footnotes":""},"class_list":["post-554","page","type-page","status-publish","hentry"],"_links":{"self":[{"href":"https:\/\/gastropraxis-rheinberg.de\/index.php?rest_route=\/wp\/v2\/pages\/554","targetHints":{"allow":["GET"]}}],"collection":[{"href":"https:\/\/gastropraxis-rheinberg.de\/index.php?rest_route=\/wp\/v2\/pages"}],"about":[{"href":"https:\/\/gastropraxis-rheinberg.de\/index.php?rest_route=\/wp\/v2\/types\/page"}],"author":[{"embeddable":true,"href":"https:\/\/gastropraxis-rheinberg.de\/index.php?rest_route=\/wp\/v2\/users\/5"}],"replies":[{"embeddable":true,"href":"https:\/\/gastropraxis-rheinberg.de\/index.php?rest_route=%2Fwp%2Fv2%2Fcomments&post=554"}],"version-history":[{"count":24,"href":"https:\/\/gastropraxis-rheinberg.de\/index.php?rest_route=\/wp\/v2\/pages\/554\/revisions"}],"predecessor-version":[{"id":1395,"href":"https:\/\/gastropraxis-rheinberg.de\/index.php?rest_route=\/wp\/v2\/pages\/554\/revisions\/1395"}],"wp:attachment":[{"href":"https:\/\/gastropraxis-rheinberg.de\/index.php?rest_route=%2Fwp%2Fv2%2Fmedia&parent=554"}],"curies":[{"name":"wp","href":"https:\/\/api.w.org\/{rel}","templated":true}]}}