{"id":571,"date":"2015-05-16T18:53:57","date_gmt":"2015-05-16T17:53:57","guid":{"rendered":"http:\/\/gastropraxis-rheinberg.de\/g\/?page_id=571"},"modified":"2019-07-11T20:48:21","modified_gmt":"2019-07-11T19:48:21","slug":"langzeitblutdruckmessung","status":"publish","type":"page","link":"https:\/\/gastropraxis-rheinberg.de\/?page_id=571","title":{"rendered":"LZ-Blutdruckmessung"},"content":{"rendered":"<div class=\"fusion-fullwidth fullwidth-box fusion-builder-row-1 hundred-percent-fullwidth non-hundred-percent-height-scrolling\" style=\"--awb-border-radius-top-left:0px;--awb-border-radius-top-right:0px;--awb-border-radius-bottom-right:0px;--awb-border-radius-bottom-left:0px;--awb-overflow:visible;--awb-flex-wrap:wrap;\" ><div class=\"fusion-builder-row fusion-row\"><div class=\"fusion-layout-column fusion_builder_column fusion-builder-column-0 fusion_builder_column_1_3 1_3 fusion-one-third fusion-column-first\" style=\"--awb-bg-size:cover;width:30.6666%; margin-right: 4%;\"><div class=\"fusion-column-wrapper fusion-flex-column-wrapper-legacy\"><div class=\"fusion-text fusion-text-1\"><p><a href=\"http:\/\/gastropraxis-rheinberg.de\/wp-content\/uploads\/2015\/05\/Blut600v2.jpg\"><img decoding=\"async\" class=\"alignnone size-full wp-image-1062\" src=\"http:\/\/gastropraxis-rheinberg.de\/wp-content\/uploads\/2015\/05\/Blut600v2.jpg\" alt=\"Blut600v2\" width=\"600\" height=\"373\" srcset=\"https:\/\/gastropraxis-rheinberg.de\/wp-content\/uploads\/2015\/05\/Blut600v2-300x187.jpg 300w, https:\/\/gastropraxis-rheinberg.de\/wp-content\/uploads\/2015\/05\/Blut600v2.jpg 600w\" sizes=\"(max-width: 600px) 100vw, 600px\" \/><\/a><\/p>\n<\/div><div class=\"fusion-sep-clear\"><\/div><div class=\"fusion-separator fusion-full-width-sep\" style=\"margin-left: auto;margin-right: auto;margin-top:-20px;width:100%;\"><\/div><div class=\"fusion-sep-clear\"><\/div><div class=\"fusion-clearfix\"><\/div><\/div><\/div><div class=\"fusion-layout-column fusion_builder_column fusion-builder-column-1 fusion_builder_column_2_3 2_3 fusion-two-third fusion-column-last\" style=\"--awb-bg-size:cover;width:65.3333%;\"><div class=\"fusion-column-wrapper fusion-flex-column-wrapper-legacy\"><div class=\"fusion-title title fusion-title-1 fusion-title-text fusion-title-size-two\" style=\"--awb-margin-top-small:0px;--awb-margin-right-small:0px;--awb-margin-bottom-small:20px;--awb-margin-left-small:0px;\"><h2 class=\"fusion-title-heading title-heading-left\" style=\"margin:0;\"><span style=\"color: #ff9900;\"><strong>Langzeitblutdruckmessung<\/strong><\/span><\/h2><span class=\"awb-title-spacer\"><\/span><div class=\"title-sep-container\"><div class=\"title-sep sep-double sep-solid\" style=\"border-color:#e0dede;\"><\/div><\/div><\/div><div class=\"fusion-text fusion-text-2\"><p>Der Bluthochdruck ist eine \u2013 wenn nicht sogar die \u2013 Volkskrankheit in Deutschland. Die Entdeckung und gute Therapie ist sicherlich eine der Maximen in der haus\u00e4rztlichen Praxis \u2013 zumindest bei uns. Bedenkt man, dass ein unentdeckter Hypertonus, bzw. ein falsch eingestellter Blutdruck Ursache f\u00fcr viele schwerwiegende Folgekrankheiten (Herzinfarkte, Schlaganf\u00e4lle etc.) sein kann, so wird die Bedeutung eines guten Screenings deutlich. Da der Bluthochdruck h\u00e4ufig keine Beschwerden verursacht, bleibt er manchmal jahrelang unentdeckt, sch\u00e4digt dabei aber dauerhaft die Gef\u00e4\u00dfe.<br \/>\nIm Rahmen einer Langzeitblutdruckmessung \u00fcber bis zu 24 Stunden kann der Blutdruckverlauf in Alltagssituationen dokumentiert und ggf. eine Anpassung der Medikation erfolgen.<\/p>\n<\/div><div class=\"fusion-clearfix\"><\/div><\/div><\/div>\n<div class=\"fusion-layout-column fusion_builder_column fusion-builder-column-2 fusion_builder_column_1_1 1_1 fusion-one-full fusion-column-first fusion-column-last fusion-column-no-min-height\" style=\"--awb-bg-size:cover;--awb-margin-bottom:0px;\"><div class=\"fusion-column-wrapper fusion-flex-column-wrapper-legacy\"><div class=\"fusion-sep-clear\"><\/div><div class=\"fusion-separator fusion-full-width-sep\" style=\"margin-left: auto;margin-right: auto;margin-top:-20px;width:100%;\"><\/div><div class=\"fusion-sep-clear\"><\/div>\n<p>&nbsp;<\/p>\n<div class=\"fusion-clearfix\"><\/div><\/div><\/div><div class=\"fusion-layout-column fusion_builder_column fusion-builder-column-3 fusion_builder_column_1_1 1_1 fusion-one-full fusion-column-first fusion-column-last\" style=\"--awb-bg-size:cover;\"><div class=\"fusion-column-wrapper fusion-flex-column-wrapper-legacy\"><div class=\"fusion-title title fusion-title-2 fusion-title-text fusion-title-size-two\" style=\"--awb-margin-top-small:0px;--awb-margin-right-small:0px;--awb-margin-bottom-small:20px;--awb-margin-left-small:0px;\"><h2 class=\"fusion-title-heading title-heading-left\" style=\"margin:0;\"><span style=\"color: #ff9900;\"><strong>Ablauf der Untersuchung<\/strong><\/span><\/h2><span class=\"awb-title-spacer\"><\/span><div class=\"title-sep-container\"><div class=\"title-sep sep-double sep-solid\" style=\"border-color:#e0dede;\"><\/div><\/div><\/div><div class=\"fusion-text fusion-text-3\"><p>W\u00e4hrend der Untersuchung tragen Sie eine Blutdruckmanschette, welche mit einem kleinen Recorder vebunden ist, der die Blutdruckwerte, welche alle 15-30 Minuten gemessen werden, aufzeichnet und speichert. \u00a0Die Ergebnisse k\u00f6nnen dann mit Hife eines Computerprogrammes ausgelesen und ausgewertet werden.<\/p>\n<\/div><div class=\"fusion-clearfix\"><\/div><\/div><\/div><div class=\"fusion-layout-column fusion_builder_column fusion-builder-column-4 fusion_builder_column_1_1 1_1 fusion-one-full fusion-column-first fusion-column-last fusion-column-no-min-height\" style=\"--awb-bg-size:cover;--awb-margin-bottom:0px;\"><div class=\"fusion-column-wrapper fusion-flex-column-wrapper-legacy\"><div class=\"fusion-text fusion-text-4\"><div class=\"fusion-text fusion-text-4\"><\/div>\n<\/div><div class=\"fusion-clearfix\"><\/div><\/div><\/div><\/div><\/div>\n","protected":false},"excerpt":{"rendered":"","protected":false},"author":5,"featured_media":0,"parent":0,"menu_order":0,"comment_status":"closed","ping_status":"closed","template":"","meta":{"_bbp_topic_count":0,"_bbp_reply_count":0,"_bbp_total_topic_count":0,"_bbp_total_reply_count":0,"_bbp_voice_count":0,"_bbp_anonymous_reply_count":0,"_bbp_topic_count_hidden":0,"_bbp_reply_count_hidden":0,"_bbp_forum_subforum_count":0,"footnotes":""},"class_list":["post-571","page","type-page","status-publish","hentry"],"_links":{"self":[{"href":"https:\/\/gastropraxis-rheinberg.de\/index.php?rest_route=\/wp\/v2\/pages\/571","targetHints":{"allow":["GET"]}}],"collection":[{"href":"https:\/\/gastropraxis-rheinberg.de\/index.php?rest_route=\/wp\/v2\/pages"}],"about":[{"href":"https:\/\/gastropraxis-rheinberg.de\/index.php?rest_route=\/wp\/v2\/types\/page"}],"author":[{"embeddable":true,"href":"https:\/\/gastropraxis-rheinberg.de\/index.php?rest_route=\/wp\/v2\/users\/5"}],"replies":[{"embeddable":true,"href":"https:\/\/gastropraxis-rheinberg.de\/index.php?rest_route=%2Fwp%2Fv2%2Fcomments&post=571"}],"version-history":[{"count":14,"href":"https:\/\/gastropraxis-rheinberg.de\/index.php?rest_route=\/wp\/v2\/pages\/571\/revisions"}],"predecessor-version":[{"id":1394,"href":"https:\/\/gastropraxis-rheinberg.de\/index.php?rest_route=\/wp\/v2\/pages\/571\/revisions\/1394"}],"wp:attachment":[{"href":"https:\/\/gastropraxis-rheinberg.de\/index.php?rest_route=%2Fwp%2Fv2%2Fmedia&parent=571"}],"curies":[{"name":"wp","href":"https:\/\/api.w.org\/{rel}","templated":true}]}}