{"id":97,"date":"2013-03-10T23:01:58","date_gmt":"2013-03-10T22:01:58","guid":{"rendered":"http:\/\/gastropraxis-rheinberg.de\/g\/?page_id=97"},"modified":"2026-04-15T16:23:13","modified_gmt":"2026-04-15T15:23:13","slug":"unser-leitbild","status":"publish","type":"page","link":"https:\/\/gastropraxis-rheinberg.de\/?page_id=97","title":{"rendered":"Unser Leitbild"},"content":{"rendered":"<div class=\"fusion-fullwidth fullwidth-box fusion-builder-row-1 hundred-percent-fullwidth non-hundred-percent-height-scrolling\" style=\"--awb-border-radius-top-left:0px;--awb-border-radius-top-right:0px;--awb-border-radius-bottom-right:0px;--awb-border-radius-bottom-left:0px;--awb-overflow:visible;--awb-flex-wrap:wrap;\" ><div class=\"fusion-builder-row fusion-row\"><div class=\"fusion-layout-column fusion_builder_column fusion-builder-column-0 fusion_builder_column_1_1 1_1 fusion-one-full fusion-column-first fusion-column-last\" style=\"--awb-bg-size:cover;\"><div class=\"fusion-column-wrapper fusion-flex-column-wrapper-legacy\"><div class=\"fusion-text fusion-text-1\"><p><a href=\"https:\/\/gastropraxis-rheinberg.de\/wp-content\/uploads\/2026\/04\/IMG_1616-scaled.jpg\"><img decoding=\"async\" class=\"aligncenter wp-image-2091\" src=\"https:\/\/gastropraxis-rheinberg.de\/wp-content\/uploads\/2026\/04\/IMG_1616-300x79.jpg\" alt=\"\" width=\"1151\" height=\"303\" srcset=\"https:\/\/gastropraxis-rheinberg.de\/wp-content\/uploads\/2026\/04\/IMG_1616-200x53.jpg 200w, https:\/\/gastropraxis-rheinberg.de\/wp-content\/uploads\/2026\/04\/IMG_1616-300x79.jpg 300w, https:\/\/gastropraxis-rheinberg.de\/wp-content\/uploads\/2026\/04\/IMG_1616-400x105.jpg 400w, https:\/\/gastropraxis-rheinberg.de\/wp-content\/uploads\/2026\/04\/IMG_1616-600x158.jpg 600w, https:\/\/gastropraxis-rheinberg.de\/wp-content\/uploads\/2026\/04\/IMG_1616-768x202.jpg 768w, https:\/\/gastropraxis-rheinberg.de\/wp-content\/uploads\/2026\/04\/IMG_1616-800x211.jpg 800w, https:\/\/gastropraxis-rheinberg.de\/wp-content\/uploads\/2026\/04\/IMG_1616-1024x270.jpg 1024w, https:\/\/gastropraxis-rheinberg.de\/wp-content\/uploads\/2026\/04\/IMG_1616-1200x316.jpg 1200w, https:\/\/gastropraxis-rheinberg.de\/wp-content\/uploads\/2026\/04\/IMG_1616-1536x405.jpg 1536w\" sizes=\"(max-width: 1151px) 100vw, 1151px\" \/><\/a><\/p>\n<\/div><div class=\"fusion-clearfix\"><\/div><\/div><\/div><div class=\"fusion-layout-column fusion_builder_column fusion-builder-column-1 fusion_builder_column_1_1 1_1 fusion-one-full fusion-column-first fusion-column-last\" style=\"--awb-bg-size:cover;\"><div class=\"fusion-column-wrapper fusion-flex-column-wrapper-legacy\"><div class=\"fusion-title title fusion-title-1 fusion-title-text fusion-title-size-two\" style=\"--awb-margin-top-small:0px;--awb-margin-right-small:0px;--awb-margin-bottom-small:20px;--awb-margin-left-small:0px;\"><h2 class=\"fusion-title-heading title-heading-left\" style=\"margin:0;\">Unser Leitbild<\/h2><span class=\"awb-title-spacer\"><\/span><div class=\"title-sep-container\"><div class=\"title-sep sep-double sep-solid\" style=\"border-color:#e0dede;\"><\/div><\/div><\/div><div class=\"fusion-text fusion-text-2\"><p>Das Praxisleitbild ist das Fundament unseres t\u00e4glichen Handelns. Es spiegelt unsere Philosophie und die Werte, f\u00fcr die wir bei unserer Arbeit einstehen, wider.<br \/>\nDas Praxisleitbild ist in Zusammenarbeit des gesamten Praxisteams entstanden und erm\u00f6glicht so ein hohes Ma\u00df an Identifikation aller Mitarbeiter.<\/p>\n<p>Wir sind\u00a0 eine moderne, innovative und serviceorientierte Praxis, die sich einer hohen Patientenakzeptanz erfreut. Der Patient steht im Mittelpunkt unseres Handelns. Zufriedene Patienten sind das Fundament unseres Unternehmens. Unser Ziel ist es, dass der Patient sich bei uns wohl und gut aufgehoben f\u00fchlt.<br \/>\nWir bieten ein umfassendes Leistungsangebot, welches sich am jeweils neuesten Stand der \u00e4rztlichen und wissenschaftlichen Erkenntnis orientiert. Durch konsequente Fortbildung der \u00c4rzte und des Praxispersonals ist es uns m\u00f6glich, unseren Patienten ein breites Spektrum an Diagnostik und Therapiem\u00f6glichkeiten anzubieten und somit die geeigneten Ma\u00dfnahmen individuell auf die Patienten abzustimmen.<\/p>\n<ul>\n<li>Unsere St\u00e4rke ist die pers\u00f6nliche Betreuung unserer Patienten<\/li>\n<li>Die Motivation und das Selbstwertgef\u00fchl der Mitarbeiter beruhen auf der Identifikation mit der Praxis und der damit verbundenen Verantwortung.<\/li>\n<li>Wir kommunizieren offen und verst\u00e4ndlich miteinander.<\/li>\n<li>Wir verwenden nur Materialien und Medikamente, die den Qualit\u00e4tsanspr\u00fcchen der Praxis gerecht werden.<\/li>\n<\/ul>\n<p>Wir sind ein Dienstleistungsunternehmen, das sein Leistungsangebot kontinuierlich verbessern will. Dabei in hohem Ma\u00dfe wirtschaftlich zu arbeiten erm\u00f6glicht uns, unsere Patienten hochwertig zu versorgen, Investitionen zu t\u00e4tigen und die Praxismitarbeiter leistungsgerecht zu bezahlen.<\/p>\n<p>Um uns konsequent verbessern und weiterentwickeln zu k\u00f6nnen, sind wir f\u00fcr alle Anregungen dankbar.<br \/>\nBitte teilen Sie uns mit, was Ihnen bei uns gef\u00e4llt und was wir besser machen k\u00f6nnen. Wir freuen uns auf Ihre R\u00fcckmeldungen.<\/p>\n<\/div><div class=\"fusion-clearfix\"><\/div><\/div><\/div><\/div><\/div>\n","protected":false},"excerpt":{"rendered":"","protected":false},"author":3,"featured_media":0,"parent":41,"menu_order":0,"comment_status":"open","ping_status":"open","template":"","meta":{"_bbp_topic_count":0,"_bbp_reply_count":0,"_bbp_total_topic_count":0,"_bbp_total_reply_count":0,"_bbp_voice_count":0,"_bbp_anonymous_reply_count":0,"_bbp_topic_count_hidden":0,"_bbp_reply_count_hidden":0,"_bbp_forum_subforum_count":0,"footnotes":""},"class_list":["post-97","page","type-page","status-publish","hentry"],"_links":{"self":[{"href":"https:\/\/gastropraxis-rheinberg.de\/index.php?rest_route=\/wp\/v2\/pages\/97","targetHints":{"allow":["GET"]}}],"collection":[{"href":"https:\/\/gastropraxis-rheinberg.de\/index.php?rest_route=\/wp\/v2\/pages"}],"about":[{"href":"https:\/\/gastropraxis-rheinberg.de\/index.php?rest_route=\/wp\/v2\/types\/page"}],"author":[{"embeddable":true,"href":"https:\/\/gastropraxis-rheinberg.de\/index.php?rest_route=\/wp\/v2\/users\/3"}],"replies":[{"embeddable":true,"href":"https:\/\/gastropraxis-rheinberg.de\/index.php?rest_route=%2Fwp%2Fv2%2Fcomments&post=97"}],"version-history":[{"count":34,"href":"https:\/\/gastropraxis-rheinberg.de\/index.php?rest_route=\/wp\/v2\/pages\/97\/revisions"}],"predecessor-version":[{"id":2098,"href":"https:\/\/gastropraxis-rheinberg.de\/index.php?rest_route=\/wp\/v2\/pages\/97\/revisions\/2098"}],"up":[{"embeddable":true,"href":"https:\/\/gastropraxis-rheinberg.de\/index.php?rest_route=\/wp\/v2\/pages\/41"}],"wp:attachment":[{"href":"https:\/\/gastropraxis-rheinberg.de\/index.php?rest_route=%2Fwp%2Fv2%2Fmedia&parent=97"}],"curies":[{"name":"wp","href":"https:\/\/api.w.org\/{rel}","templated":true}]}}